








{"id":8335,"date":"2025-10-08T16:12:30","date_gmt":"2025-10-08T21:12:30","guid":{"rendered":"https:\/\/canal.univalle.edu.co\/?page_id=8335"},"modified":"2025-12-01T11:11:55","modified_gmt":"2025-12-01T16:11:55","slug":"entrevista-especial","status":"publish","type":"page","link":"https:\/\/canal.univalle.edu.co\/index.php\/entrevista-especial\/","title":{"rendered":"Entrevista Especial"},"content":{"rendered":"\n<h4 class=\"wp-block-heading\">Programa de entrevistas con distintos personajes del \u00e1mbito colombiano.<\/h4>\n\n\n\n<hr class=\"wp-block-separator has-alpha-channel-opacity\"\/>\n\n\n\n<h4 class=\"wp-block-heading\">Presentado por el equipo de comunicaciones de la Universidad del Valle<\/h4>\n\n\n\n<hr class=\"wp-block-separator has-alpha-channel-opacity\"\/>\n\n\n\n<hr class=\"wp-block-separator has-alpha-channel-opacity\"\/>\n\n\n\n<hr class=\"wp-block-separator has-alpha-channel-opacity\"\/>\n\n\n\n<h3 class=\"wp-block-heading\">Temporada 2024 &#8211; 2025<\/h3>\n\n\n\n<hr class=\"wp-block-separator has-alpha-channel-opacity\"\/>\n\n\n\n<p>In the Eye of the Storm \ud83d\udcf8: La resiliencia en Providencia tras el hurac\u00e1n Iota \ud83c\udf2a\ufe0f\ud83c\udfdd\ufe0f<\/p>\n\n\n\n<p><\/p>\n\n\n<p><iframe loading=\"lazy\" width=\"560\" height=\"315\" src=\"https:\/\/www.youtube.com\/embed\/NcGGU-UU_Ms?si=lQwpb8jWSeDtV8lE\" title=\"YouTube video player\" frameborder=\"0\" allow=\"accelerometer; autoplay; clipboard-write; encrypted-media; gyroscope; picture-in-picture; web-share\" referrerpolicy=\"strict-origin-when-cross-origin\" allowfullscreen><\/iframe><\/p>\n\n\n<p><\/p>\n\n\n\n<p>\u00abCali debe ser reconocida como la ciudad de la danza\u00bb: Gloria Castro presenta Una Vida en la Danza \ud83e\ude70<\/p>\n\n\n\n<p><\/p>\n\n\n<p><iframe loading=\"lazy\" width=\"560\" height=\"315\" src=\"https:\/\/www.youtube.com\/embed\/gYhcwahZg0M?si=ZY7UcTS_r9X6Oclr\" title=\"YouTube video player\" frameborder=\"0\" allow=\"accelerometer; autoplay; clipboard-write; encrypted-media; gyroscope; picture-in-picture; web-share\" referrerpolicy=\"strict-origin-when-cross-origin\" allowfullscreen><\/iframe><\/p>\n\n\n<p><\/p>\n\n\n\n<p>\u00abEl ideam cuenta el pasado, presente y futuro del pa\u00eds\u00bb: Ghisliane Echeverry, directora del Ideam \u2614<\/p>\n\n\n<p><iframe loading=\"lazy\" width=\"560\" height=\"315\" src=\"https:\/\/www.youtube.com\/embed\/nfABSegsM_8?si=TmmXT7d41oBOB5QF\" title=\"YouTube video player\" frameborder=\"0\" allow=\"accelerometer; autoplay; clipboard-write; encrypted-media; gyroscope; picture-in-picture; web-share\" referrerpolicy=\"strict-origin-when-cross-origin\" allowfullscreen><\/iframe><\/p>\n\n\n<p><\/p>\n\n\n\n<p><\/p>\n\n\n\n<p>El cuerpo, el horror, la violencia: La literatura de Mar\u00eda Fernanda Ampuero \u270d\ufe0f\ud83d\udcda<\/p>\n\n\n<p><iframe loading=\"lazy\" width=\"560\" height=\"315\" src=\"https:\/\/www.youtube.com\/embed\/tjgZJ4PkMcc?si=kIT_2Y5oEykedU28\" title=\"YouTube video player\" frameborder=\"0\" allow=\"accelerometer; autoplay; clipboard-write; encrypted-media; gyroscope; picture-in-picture; web-share\" referrerpolicy=\"strict-origin-when-cross-origin\" allowfullscreen><\/iframe><\/p>\n\n\n<p><\/p>\n\n\n\n<p><\/p>\n\n\n\n<p>Imaginad una novela con esta trama: Grandes Infelices, con Javier Pe\u00f1a \ud83c\udf99\ufe0f\ud83d\udcda<\/p>\n\n\n<p><iframe loading=\"lazy\" width=\"560\" height=\"315\" src=\"https:\/\/www.youtube.com\/embed\/DlP7j6LDp6E?si=qWdzkd_kl9lX4nuM\" title=\"YouTube video player\" frameborder=\"0\" allow=\"accelerometer; autoplay; clipboard-write; encrypted-media; gyroscope; picture-in-picture; web-share\" referrerpolicy=\"strict-origin-when-cross-origin\" allowfullscreen><\/iframe><\/p>\n\n\n<p><\/p>\n\n\n\n<p><\/p>\n\n\n\n<p>Entrevista a Katya Adaui: La escritura sobre los v\u00ednculos \u270d\ufe0f\ud83d\udcda<\/p>\n\n\n<p><iframe loading=\"lazy\" width=\"560\" height=\"315\" src=\"https:\/\/www.youtube.com\/embed\/sZkQmYWFs74?si=nb1mzY4JuLoST3h8\" title=\"YouTube video player\" frameborder=\"0\" allow=\"accelerometer; autoplay; clipboard-write; encrypted-media; gyroscope; picture-in-picture; web-share\" referrerpolicy=\"strict-origin-when-cross-origin\" allowfullscreen><\/iframe><\/p>\n\n\n<p><\/p>\n\n\n\n<p>Juicios a expresidentes de Colombia: an\u00e1lisis de los casos de Uribe V\u00e9lez y Rojas Pinilla \ud83d\udd0e\u2696\ufe0f<\/p>\n\n\n<p><iframe loading=\"lazy\" title=\"YouTube video player\" src=\"https:\/\/www.youtube.com\/embed\/08yttwjysDI?si=R05KhY18DSv0MMec\" width=\"560\" height=\"315\" frameborder=\"0\" allowfullscreen=\"allowfullscreen\"><\/iframe><\/p>\n\n\n<p><\/p>\n\n\n\n<p>Nubia Mu\u00f1oz: la b\u00fasqueda de una vacuna contra la inequidad<\/p>\n\n\n<p><iframe loading=\"lazy\" title=\"YouTube video player\" src=\"https:\/\/www.youtube.com\/embed\/5rjyakWze-k?si=OQ2u9NcfPFuLugTi\" width=\"560\" height=\"315\" frameborder=\"0\" allowfullscreen=\"allowfullscreen\"><\/iframe><\/p>\n\n\n<p><\/p>\n\n\n\n<p>Marleyda Soto, \u00darsula Iguar\u00e1n en Cien a\u00f1os de soledad: \u00abLa vida me ha dado m\u00e1s de lo que ped\u00ed\u00bb \ud83c\udfac\ud83c\udfad<\/p>\n\n\n<p><iframe loading=\"lazy\" title=\"YouTube video player\" src=\"https:\/\/www.youtube.com\/embed\/lZIB9hsJxXE?si=-l_TDztcxY3Y-9RB\" width=\"560\" height=\"315\" frameborder=\"0\" allowfullscreen=\"allowfullscreen\"><\/iframe><\/p>\n\n\n<p><\/p>\n\n\n\n<p><\/p>\n\n\n\n<p><\/p>\n","protected":false},"excerpt":{"rendered":"<p>Programa de entrevistas con distintos personajes del \u00e1mbito colombiano. Presentado por el equipo de comunicaciones de la Universidad del Valle Temporada 2024 &#8211; 2025 In the Eye of the Storm \ud83d\udcf8: La resiliencia en Providencia tras el hurac\u00e1n Iota \ud83c\udf2a\ufe0f\ud83c\udfdd\ufe0f \u00abCali debe ser reconocida como la ciudad de la danza\u00bb:[&#8230;]<\/p>\n","protected":false},"author":1,"featured_media":0,"parent":0,"menu_order":0,"comment_status":"closed","ping_status":"closed","template":"","meta":{"footnotes":""},"yoast_head":"<!-- This site is optimized with the Yoast SEO plugin v22.2 - https:\/\/yoast.com\/wordpress\/plugins\/seo\/ -->\n<title>Entrevista Especial - Canal Universitario \/ Universidad del Valle \/ Cali, Colombia<\/title>\n<meta name=\"robots\" content=\"index, follow, max-snippet:-1, max-image-preview:large, max-video-preview:-1\" \/>\n<link rel=\"canonical\" href=\"https:\/\/canal.univalle.edu.co\/index.php\/entrevista-especial\/\" \/>\n<meta property=\"og:locale\" content=\"es_ES\" \/>\n<meta property=\"og:type\" content=\"article\" \/>\n<meta property=\"og:title\" content=\"Entrevista Especial - Canal Universitario \/ Universidad del Valle \/ Cali, Colombia\" \/>\n<meta property=\"og:description\" content=\"Programa de entrevistas con distintos personajes del \u00e1mbito colombiano. Presentado por el equipo de comunicaciones de la Universidad del Valle Temporada 2024 &#8211; 2025 In the Eye of the Storm \ud83d\udcf8: La resiliencia en Providencia tras el hurac\u00e1n Iota \ud83c\udf2a\ufe0f\ud83c\udfdd\ufe0f \u00abCali debe ser reconocida como la ciudad de la danza\u00bb:[...]\" \/>\n<meta property=\"og:url\" content=\"https:\/\/canal.univalle.edu.co\/index.php\/entrevista-especial\/\" \/>\n<meta property=\"og:site_name\" content=\"Canal Universitario \/ Universidad del Valle \/ Cali, Colombia\" \/>\n<meta property=\"article:modified_time\" content=\"2025-12-01T16:11:55+00:00\" \/>\n<meta name=\"twitter:label1\" content=\"Tiempo de lectura\" \/>\n\t<meta name=\"twitter:data1\" content=\"1 minuto\" \/>\n<script type=\"application\/ld+json\" class=\"yoast-schema-graph\">{\"@context\":\"https:\/\/schema.org\",\"@graph\":[{\"@type\":\"WebPage\",\"@id\":\"https:\/\/canal.univalle.edu.co\/index.php\/entrevista-especial\/\",\"url\":\"https:\/\/canal.univalle.edu.co\/index.php\/entrevista-especial\/\",\"name\":\"Entrevista Especial - Canal Universitario \/ Universidad del Valle \/ Cali, Colombia\",\"isPartOf\":{\"@id\":\"https:\/\/canal.univalle.edu.co\/#website\"},\"datePublished\":\"2025-10-08T21:12:30+00:00\",\"dateModified\":\"2025-12-01T16:11:55+00:00\",\"breadcrumb\":{\"@id\":\"https:\/\/canal.univalle.edu.co\/index.php\/entrevista-especial\/#breadcrumb\"},\"inLanguage\":\"es\",\"potentialAction\":[{\"@type\":\"ReadAction\",\"target\":[\"https:\/\/canal.univalle.edu.co\/index.php\/entrevista-especial\/\"]}]},{\"@type\":\"BreadcrumbList\",\"@id\":\"https:\/\/canal.univalle.edu.co\/index.php\/entrevista-especial\/#breadcrumb\",\"itemListElement\":[{\"@type\":\"ListItem\",\"position\":1,\"name\":\"Portada\",\"item\":\"https:\/\/canal.univalle.edu.co\/\"},{\"@type\":\"ListItem\",\"position\":2,\"name\":\"Entrevista Especial\"}]},{\"@type\":\"WebSite\",\"@id\":\"https:\/\/canal.univalle.edu.co\/#website\",\"url\":\"https:\/\/canal.univalle.edu.co\/\",\"name\":\"Canal Universitario \/ Universidad del Valle \/ Cali, Colombia\",\"description\":\"Canal de la Universidad del Valle\",\"potentialAction\":[{\"@type\":\"SearchAction\",\"target\":{\"@type\":\"EntryPoint\",\"urlTemplate\":\"https:\/\/canal.univalle.edu.co\/?s={search_term_string}\"},\"query-input\":\"required name=search_term_string\"}],\"inLanguage\":\"es\"}]}<\/script>\n<!-- \/ Yoast SEO plugin. -->","yoast_head_json":{"title":"Entrevista Especial - Canal Universitario \/ Universidad del Valle \/ Cali, Colombia","robots":{"index":"index","follow":"follow","max-snippet":"max-snippet:-1","max-image-preview":"max-image-preview:large","max-video-preview":"max-video-preview:-1"},"canonical":"https:\/\/canal.univalle.edu.co\/index.php\/entrevista-especial\/","og_locale":"es_ES","og_type":"article","og_title":"Entrevista Especial - Canal Universitario \/ Universidad del Valle \/ Cali, Colombia","og_description":"Programa de entrevistas con distintos personajes del \u00e1mbito colombiano. Presentado por el equipo de comunicaciones de la Universidad del Valle Temporada 2024 &#8211; 2025 In the Eye of the Storm \ud83d\udcf8: La resiliencia en Providencia tras el hurac\u00e1n Iota \ud83c\udf2a\ufe0f\ud83c\udfdd\ufe0f \u00abCali debe ser reconocida como la ciudad de la danza\u00bb:[...]","og_url":"https:\/\/canal.univalle.edu.co\/index.php\/entrevista-especial\/","og_site_name":"Canal Universitario \/ Universidad del Valle \/ Cali, Colombia","article_modified_time":"2025-12-01T16:11:55+00:00","twitter_misc":{"Tiempo de lectura":"1 minuto"},"schema":{"@context":"https:\/\/schema.org","@graph":[{"@type":"WebPage","@id":"https:\/\/canal.univalle.edu.co\/index.php\/entrevista-especial\/","url":"https:\/\/canal.univalle.edu.co\/index.php\/entrevista-especial\/","name":"Entrevista Especial - Canal Universitario \/ Universidad del Valle \/ Cali, Colombia","isPartOf":{"@id":"https:\/\/canal.univalle.edu.co\/#website"},"datePublished":"2025-10-08T21:12:30+00:00","dateModified":"2025-12-01T16:11:55+00:00","breadcrumb":{"@id":"https:\/\/canal.univalle.edu.co\/index.php\/entrevista-especial\/#breadcrumb"},"inLanguage":"es","potentialAction":[{"@type":"ReadAction","target":["https:\/\/canal.univalle.edu.co\/index.php\/entrevista-especial\/"]}]},{"@type":"BreadcrumbList","@id":"https:\/\/canal.univalle.edu.co\/index.php\/entrevista-especial\/#breadcrumb","itemListElement":[{"@type":"ListItem","position":1,"name":"Portada","item":"https:\/\/canal.univalle.edu.co\/"},{"@type":"ListItem","position":2,"name":"Entrevista Especial"}]},{"@type":"WebSite","@id":"https:\/\/canal.univalle.edu.co\/#website","url":"https:\/\/canal.univalle.edu.co\/","name":"Canal Universitario \/ Universidad del Valle \/ Cali, Colombia","description":"Canal de la Universidad del Valle","potentialAction":[{"@type":"SearchAction","target":{"@type":"EntryPoint","urlTemplate":"https:\/\/canal.univalle.edu.co\/?s={search_term_string}"},"query-input":"required name=search_term_string"}],"inLanguage":"es"}]}},"_links":{"self":[{"href":"https:\/\/canal.univalle.edu.co\/index.php\/wp-json\/wp\/v2\/pages\/8335"}],"collection":[{"href":"https:\/\/canal.univalle.edu.co\/index.php\/wp-json\/wp\/v2\/pages"}],"about":[{"href":"https:\/\/canal.univalle.edu.co\/index.php\/wp-json\/wp\/v2\/types\/page"}],"author":[{"embeddable":true,"href":"https:\/\/canal.univalle.edu.co\/index.php\/wp-json\/wp\/v2\/users\/1"}],"replies":[{"embeddable":true,"href":"https:\/\/canal.univalle.edu.co\/index.php\/wp-json\/wp\/v2\/comments?post=8335"}],"version-history":[{"count":3,"href":"https:\/\/canal.univalle.edu.co\/index.php\/wp-json\/wp\/v2\/pages\/8335\/revisions"}],"predecessor-version":[{"id":8554,"href":"https:\/\/canal.univalle.edu.co\/index.php\/wp-json\/wp\/v2\/pages\/8335\/revisions\/8554"}],"wp:attachment":[{"href":"https:\/\/canal.univalle.edu.co\/index.php\/wp-json\/wp\/v2\/media?parent=8335"}],"curies":[{"name":"wp","href":"https:\/\/api.w.org\/{rel}","templated":true}]}}