








{"id":7518,"date":"2022-05-25T10:22:16","date_gmt":"2022-05-25T15:22:16","guid":{"rendered":"http:\/\/canal.univalle.edu.co\/?page_id=7518"},"modified":"2025-10-31T10:01:53","modified_gmt":"2025-10-31T15:01:53","slug":"tv-salud-informativo-la-facultad-salud-la-universidad-del-valle","status":"publish","type":"page","link":"https:\/\/canal.univalle.edu.co\/index.php\/tv-salud-informativo-la-facultad-salud-la-universidad-del-valle\/","title":{"rendered":"TV Salud"},"content":{"rendered":"<h2><img loading=\"lazy\" decoding=\"async\" class=\"aligncenter size-full wp-image-8218\" src=\"https:\/\/canal.univalle.edu.co\/wp-content\/uploads\/2025\/10\/tv-salud.png\" alt=\"\" width=\"1920\" height=\"540\" srcset=\"https:\/\/canal.univalle.edu.co\/wp-content\/uploads\/2025\/10\/tv-salud.png 1920w, https:\/\/canal.univalle.edu.co\/wp-content\/uploads\/2025\/10\/tv-salud-300x84.png 300w, https:\/\/canal.univalle.edu.co\/wp-content\/uploads\/2025\/10\/tv-salud-1024x288.png 1024w, https:\/\/canal.univalle.edu.co\/wp-content\/uploads\/2025\/10\/tv-salud-768x216.png 768w, https:\/\/canal.univalle.edu.co\/wp-content\/uploads\/2025\/10\/tv-salud-1536x432.png 1536w, https:\/\/canal.univalle.edu.co\/wp-content\/uploads\/2025\/10\/tv-salud-438x123.png 438w\" sizes=\"(max-width: 1920px) 100vw, 1920px\" \/><\/h2>\n<h4>El Informativo de la facultad de Salud de la universidad del Valle<\/h4>\n<hr \/>\n<h4>Todos los Mi\u00e9rcoles 7:30 PM, por nuestro Canal Univalle TV y en YouTube<\/h4>\n<hr \/>\n<h4>Presentado por Mateo Gallego Ayac\u00fa<\/h4>\n<hr \/>\n<h4>Emisiones 2025<\/h4>\n<hr \/>\n<hr \/>\n<hr \/>\n<p>Programa #110 &#8211; Liderazgo en la Enfermer\u00eda<\/p>\n<p>Tema: Liderazgo en la Enfermer\u00eda<\/p>\n<p><iframe loading=\"lazy\" title=\"YouTube video player\" src=\"https:\/\/www.youtube.com\/embed\/Ii150STu3Y8?si=tPw9uoPNyDkSz_Kq\" width=\"560\" height=\"315\" frameborder=\"0\" allowfullscreen=\"allowfullscreen\"><\/iframe><\/p>\n<p>Programa #109 &#8211; Invitada: Jaqueline Cruz Perdomo<\/p>\n<p>Tema: Educaci\u00f3n inclusiva<\/p>\n<p><iframe loading=\"lazy\" title=\"YouTube video player\" src=\"https:\/\/www.youtube.com\/embed\/CpQXuPzQYAg?si=YpArJrQlzjF9KoYw\" width=\"560\" height=\"315\" frameborder=\"0\" allowfullscreen=\"allowfullscreen\"><\/iframe><\/p>\n<p>Programa TV Salud #108 &#8211; Invitado: Edwin Pardo D\u00edaz<\/p>\n<p>Tema: Alergias<\/p>\n<p><iframe loading=\"lazy\" title=\"YouTube video player\" src=\"https:\/\/www.youtube.com\/embed\/-sahgsU7kE8?si=LxAQmwi8CbixQ2vz\" width=\"560\" height=\"315\" frameborder=\"0\" allowfullscreen=\"allowfullscreen\"><\/iframe><\/p>\n<p>Programa TV Salud #107 &#8211; Invitada: Mar\u00eda Francisca Rodr\u00edguez<\/p>\n<p>Tema: \u00bfQui\u00e9n cuida a quienes nos cuidan?<\/p>\n<p><iframe loading=\"lazy\" title=\"YouTube video player\" src=\"https:\/\/www.youtube.com\/embed\/HmFY9wLkC58?si=ZDnZpxlwKm4Ec8zR\" width=\"560\" height=\"315\" frameborder=\"0\" allowfullscreen=\"allowfullscreen\"><\/iframe><\/p>\n<p>Programa TV Salud #106 &#8211; Invitada: Norma Hurtado S\u00e1nchez<\/p>\n<p>Tema: Vapeadores bajo la lupa<\/p>\n<p><iframe loading=\"lazy\" title=\"YouTube video player\" src=\"https:\/\/www.youtube.com\/embed\/a_jVVR5lZQs?si=JYIFQpcytXqxTaD6\" width=\"560\" height=\"315\" frameborder=\"0\" allowfullscreen=\"allowfullscreen\"><\/iframe><\/p>\n<p>Programa #105 &#8211; Invitado: Laura Gonz\u00e1les Salazar<\/p>\n<p>Tema: Salud Auditiva<\/p>\n<p><iframe loading=\"lazy\" title=\"YouTube video player\" src=\"https:\/\/www.youtube.com\/embed\/8RbCztOlYlw?si=CgV3u_nz1k6RwBPv\" width=\"560\" height=\"315\" frameborder=\"0\" allowfullscreen=\"allowfullscreen\"><\/iframe><\/p>\n<p>Programa TV Salud #104 &#8211; Invitado: Ernesto Mart\u00ednez Buitrago<\/p>\n<p>Tema: Fiebre Amarilla<\/p>\n<p><iframe loading=\"lazy\" title=\"YouTube video player\" src=\"https:\/\/www.youtube.com\/embed\/ma45Z8MTfyc?si=6lR_WUU3l5onMs1X\" width=\"560\" height=\"315\" frameborder=\"0\" allowfullscreen=\"allowfullscreen\"><\/iframe><\/p>\n<p>Programa TV Salud #103 &#8211; Invitado: H\u00e9ctor Ra\u00fal Echavarr\u00eda<\/p>\n<p>Tema: Nuevos aportes de la IA a la Salud<\/p>\n<p><iframe loading=\"lazy\" title=\"YouTube video player\" src=\"https:\/\/www.youtube.com\/embed\/sFKQq5OSlvI?si=4wSpFcEGAR3BuJIH\" width=\"560\" height=\"315\" frameborder=\"0\" allowfullscreen=\"allowfullscreen\"><\/iframe><\/p>\n<p>Programa TV Salud #102 &#8211; Invitada: Millerlandi Torres Agredo<\/p>\n<p>Tema: Turismo M\u00e9dico<\/p>\n<p><iframe loading=\"lazy\" title=\"YouTube video player\" src=\"https:\/\/www.youtube.com\/embed\/qYC0IliK07A?si=WWDGcXNKYGnmg2Ex\" width=\"560\" height=\"315\" frameborder=\"0\" allowfullscreen=\"allowfullscreen\"><\/iframe><\/p>\n<p>Programa TV Salud #101 &#8211; Invitada: Victoria Catalina Dur\u00e1n Bornaceli<\/p>\n<p>Tema: Psiquiatr\u00eda Forense<\/p>\n<p><iframe loading=\"lazy\" title=\"YouTube video player\" src=\"https:\/\/www.youtube.com\/embed\/0Vod69LA400?si=2vJqBRb8LjImLqZ1\" width=\"560\" height=\"315\" frameborder=\"0\" allowfullscreen=\"allowfullscreen\"><\/iframe><\/p>\n","protected":false},"excerpt":{"rendered":"<p>El Informativo de la facultad de Salud de la universidad del Valle Todos los Mi\u00e9rcoles 7:30 PM, por nuestro Canal Univalle TV y en YouTube Presentado por Mateo Gallego Ayac\u00fa Emisiones 2025 Programa #110 &#8211; Liderazgo en la Enfermer\u00eda Tema: Liderazgo en la Enfermer\u00eda Programa #109 &#8211; Invitada: Jaqueline Cruz[&#8230;]<\/p>\n","protected":false},"author":1,"featured_media":0,"parent":0,"menu_order":0,"comment_status":"closed","ping_status":"closed","template":"","meta":{"footnotes":""},"yoast_head":"<!-- This site is optimized with the Yoast SEO plugin v22.2 - https:\/\/yoast.com\/wordpress\/plugins\/seo\/ -->\n<title>TV Salud - Canal Universitario \/ Universidad del Valle \/ Cali, Colombia<\/title>\n<meta name=\"robots\" content=\"index, follow, max-snippet:-1, max-image-preview:large, max-video-preview:-1\" \/>\n<link rel=\"canonical\" href=\"https:\/\/canal.univalle.edu.co\/index.php\/tv-salud-informativo-la-facultad-salud-la-universidad-del-valle\/\" \/>\n<meta property=\"og:locale\" content=\"es_ES\" \/>\n<meta property=\"og:type\" content=\"article\" \/>\n<meta property=\"og:title\" content=\"TV Salud - Canal Universitario \/ Universidad del Valle \/ Cali, Colombia\" \/>\n<meta property=\"og:description\" content=\"El Informativo de la facultad de Salud de la universidad del Valle Todos los Mi\u00e9rcoles 7:30 PM, por nuestro Canal Univalle TV y en YouTube Presentado por Mateo Gallego Ayac\u00fa Emisiones 2025 Programa #110 &#8211; Liderazgo en la Enfermer\u00eda Tema: Liderazgo en la Enfermer\u00eda Programa #109 &#8211; Invitada: Jaqueline Cruz[...]\" \/>\n<meta property=\"og:url\" content=\"https:\/\/canal.univalle.edu.co\/index.php\/tv-salud-informativo-la-facultad-salud-la-universidad-del-valle\/\" \/>\n<meta property=\"og:site_name\" content=\"Canal Universitario \/ Universidad del Valle \/ Cali, Colombia\" \/>\n<meta property=\"article:modified_time\" content=\"2025-10-31T15:01:53+00:00\" \/>\n<meta property=\"og:image\" content=\"https:\/\/canal.univalle.edu.co\/wp-content\/uploads\/2025\/10\/tv-salud.png\" \/>\n<meta name=\"twitter:label1\" content=\"Tiempo de lectura\" \/>\n\t<meta name=\"twitter:data1\" content=\"1 minuto\" \/>\n<script type=\"application\/ld+json\" class=\"yoast-schema-graph\">{\"@context\":\"https:\/\/schema.org\",\"@graph\":[{\"@type\":\"WebPage\",\"@id\":\"https:\/\/canal.univalle.edu.co\/index.php\/tv-salud-informativo-la-facultad-salud-la-universidad-del-valle\/\",\"url\":\"https:\/\/canal.univalle.edu.co\/index.php\/tv-salud-informativo-la-facultad-salud-la-universidad-del-valle\/\",\"name\":\"TV Salud - Canal Universitario \/ Universidad del Valle \/ Cali, Colombia\",\"isPartOf\":{\"@id\":\"https:\/\/canal.univalle.edu.co\/#website\"},\"primaryImageOfPage\":{\"@id\":\"https:\/\/canal.univalle.edu.co\/index.php\/tv-salud-informativo-la-facultad-salud-la-universidad-del-valle\/#primaryimage\"},\"image\":{\"@id\":\"https:\/\/canal.univalle.edu.co\/index.php\/tv-salud-informativo-la-facultad-salud-la-universidad-del-valle\/#primaryimage\"},\"thumbnailUrl\":\"https:\/\/canal.univalle.edu.co\/wp-content\/uploads\/2025\/10\/tv-salud.png\",\"datePublished\":\"2022-05-25T15:22:16+00:00\",\"dateModified\":\"2025-10-31T15:01:53+00:00\",\"breadcrumb\":{\"@id\":\"https:\/\/canal.univalle.edu.co\/index.php\/tv-salud-informativo-la-facultad-salud-la-universidad-del-valle\/#breadcrumb\"},\"inLanguage\":\"es\",\"potentialAction\":[{\"@type\":\"ReadAction\",\"target\":[\"https:\/\/canal.univalle.edu.co\/index.php\/tv-salud-informativo-la-facultad-salud-la-universidad-del-valle\/\"]}]},{\"@type\":\"ImageObject\",\"inLanguage\":\"es\",\"@id\":\"https:\/\/canal.univalle.edu.co\/index.php\/tv-salud-informativo-la-facultad-salud-la-universidad-del-valle\/#primaryimage\",\"url\":\"https:\/\/canal.univalle.edu.co\/wp-content\/uploads\/2025\/10\/tv-salud.png\",\"contentUrl\":\"https:\/\/canal.univalle.edu.co\/wp-content\/uploads\/2025\/10\/tv-salud.png\",\"width\":1920,\"height\":540},{\"@type\":\"BreadcrumbList\",\"@id\":\"https:\/\/canal.univalle.edu.co\/index.php\/tv-salud-informativo-la-facultad-salud-la-universidad-del-valle\/#breadcrumb\",\"itemListElement\":[{\"@type\":\"ListItem\",\"position\":1,\"name\":\"Portada\",\"item\":\"https:\/\/canal.univalle.edu.co\/\"},{\"@type\":\"ListItem\",\"position\":2,\"name\":\"TV Salud\"}]},{\"@type\":\"WebSite\",\"@id\":\"https:\/\/canal.univalle.edu.co\/#website\",\"url\":\"https:\/\/canal.univalle.edu.co\/\",\"name\":\"Canal Universitario \/ Universidad del Valle \/ Cali, Colombia\",\"description\":\"Canal de la Universidad del Valle\",\"potentialAction\":[{\"@type\":\"SearchAction\",\"target\":{\"@type\":\"EntryPoint\",\"urlTemplate\":\"https:\/\/canal.univalle.edu.co\/?s={search_term_string}\"},\"query-input\":\"required name=search_term_string\"}],\"inLanguage\":\"es\"}]}<\/script>\n<!-- \/ Yoast SEO plugin. -->","yoast_head_json":{"title":"TV Salud - Canal Universitario \/ Universidad del Valle \/ Cali, Colombia","robots":{"index":"index","follow":"follow","max-snippet":"max-snippet:-1","max-image-preview":"max-image-preview:large","max-video-preview":"max-video-preview:-1"},"canonical":"https:\/\/canal.univalle.edu.co\/index.php\/tv-salud-informativo-la-facultad-salud-la-universidad-del-valle\/","og_locale":"es_ES","og_type":"article","og_title":"TV Salud - Canal Universitario \/ Universidad del Valle \/ Cali, Colombia","og_description":"El Informativo de la facultad de Salud de la universidad del Valle Todos los Mi\u00e9rcoles 7:30 PM, por nuestro Canal Univalle TV y en YouTube Presentado por Mateo Gallego Ayac\u00fa Emisiones 2025 Programa #110 &#8211; Liderazgo en la Enfermer\u00eda Tema: Liderazgo en la Enfermer\u00eda Programa #109 &#8211; Invitada: Jaqueline Cruz[...]","og_url":"https:\/\/canal.univalle.edu.co\/index.php\/tv-salud-informativo-la-facultad-salud-la-universidad-del-valle\/","og_site_name":"Canal Universitario \/ Universidad del Valle \/ Cali, Colombia","article_modified_time":"2025-10-31T15:01:53+00:00","og_image":[{"url":"https:\/\/canal.univalle.edu.co\/wp-content\/uploads\/2025\/10\/tv-salud.png"}],"twitter_misc":{"Tiempo de lectura":"1 minuto"},"schema":{"@context":"https:\/\/schema.org","@graph":[{"@type":"WebPage","@id":"https:\/\/canal.univalle.edu.co\/index.php\/tv-salud-informativo-la-facultad-salud-la-universidad-del-valle\/","url":"https:\/\/canal.univalle.edu.co\/index.php\/tv-salud-informativo-la-facultad-salud-la-universidad-del-valle\/","name":"TV Salud - Canal Universitario \/ Universidad del Valle \/ Cali, Colombia","isPartOf":{"@id":"https:\/\/canal.univalle.edu.co\/#website"},"primaryImageOfPage":{"@id":"https:\/\/canal.univalle.edu.co\/index.php\/tv-salud-informativo-la-facultad-salud-la-universidad-del-valle\/#primaryimage"},"image":{"@id":"https:\/\/canal.univalle.edu.co\/index.php\/tv-salud-informativo-la-facultad-salud-la-universidad-del-valle\/#primaryimage"},"thumbnailUrl":"https:\/\/canal.univalle.edu.co\/wp-content\/uploads\/2025\/10\/tv-salud.png","datePublished":"2022-05-25T15:22:16+00:00","dateModified":"2025-10-31T15:01:53+00:00","breadcrumb":{"@id":"https:\/\/canal.univalle.edu.co\/index.php\/tv-salud-informativo-la-facultad-salud-la-universidad-del-valle\/#breadcrumb"},"inLanguage":"es","potentialAction":[{"@type":"ReadAction","target":["https:\/\/canal.univalle.edu.co\/index.php\/tv-salud-informativo-la-facultad-salud-la-universidad-del-valle\/"]}]},{"@type":"ImageObject","inLanguage":"es","@id":"https:\/\/canal.univalle.edu.co\/index.php\/tv-salud-informativo-la-facultad-salud-la-universidad-del-valle\/#primaryimage","url":"https:\/\/canal.univalle.edu.co\/wp-content\/uploads\/2025\/10\/tv-salud.png","contentUrl":"https:\/\/canal.univalle.edu.co\/wp-content\/uploads\/2025\/10\/tv-salud.png","width":1920,"height":540},{"@type":"BreadcrumbList","@id":"https:\/\/canal.univalle.edu.co\/index.php\/tv-salud-informativo-la-facultad-salud-la-universidad-del-valle\/#breadcrumb","itemListElement":[{"@type":"ListItem","position":1,"name":"Portada","item":"https:\/\/canal.univalle.edu.co\/"},{"@type":"ListItem","position":2,"name":"TV Salud"}]},{"@type":"WebSite","@id":"https:\/\/canal.univalle.edu.co\/#website","url":"https:\/\/canal.univalle.edu.co\/","name":"Canal Universitario \/ Universidad del Valle \/ Cali, Colombia","description":"Canal de la Universidad del Valle","potentialAction":[{"@type":"SearchAction","target":{"@type":"EntryPoint","urlTemplate":"https:\/\/canal.univalle.edu.co\/?s={search_term_string}"},"query-input":"required name=search_term_string"}],"inLanguage":"es"}]}},"_links":{"self":[{"href":"https:\/\/canal.univalle.edu.co\/index.php\/wp-json\/wp\/v2\/pages\/7518"}],"collection":[{"href":"https:\/\/canal.univalle.edu.co\/index.php\/wp-json\/wp\/v2\/pages"}],"about":[{"href":"https:\/\/canal.univalle.edu.co\/index.php\/wp-json\/wp\/v2\/types\/page"}],"author":[{"embeddable":true,"href":"https:\/\/canal.univalle.edu.co\/index.php\/wp-json\/wp\/v2\/users\/1"}],"replies":[{"embeddable":true,"href":"https:\/\/canal.univalle.edu.co\/index.php\/wp-json\/wp\/v2\/comments?post=7518"}],"version-history":[{"count":32,"href":"https:\/\/canal.univalle.edu.co\/index.php\/wp-json\/wp\/v2\/pages\/7518\/revisions"}],"predecessor-version":[{"id":8455,"href":"https:\/\/canal.univalle.edu.co\/index.php\/wp-json\/wp\/v2\/pages\/7518\/revisions\/8455"}],"wp:attachment":[{"href":"https:\/\/canal.univalle.edu.co\/index.php\/wp-json\/wp\/v2\/media?parent=7518"}],"curies":[{"name":"wp","href":"https:\/\/api.w.org\/{rel}","templated":true}]}}