








{"id":6722,"date":"2020-02-12T09:34:40","date_gmt":"2020-02-12T14:34:40","guid":{"rendered":"http:\/\/canal.univalle.edu.co\/?page_id=6722"},"modified":"2022-05-10T11:35:47","modified_gmt":"2022-05-10T16:35:47","slug":"eureka-3","status":"publish","type":"page","link":"https:\/\/canal.univalle.edu.co\/index.php\/eureka-3\/","title":{"rendered":"Eureka"},"content":{"rendered":"<p><img loading=\"lazy\" decoding=\"async\" class=\"aligncenter size-full wp-image-6723\" src=\"http:\/\/canal.univalle.edu.co\/wp-content\/uploads\/2020\/02\/eureka.jpg\" alt=\"eureka\" width=\"875\" height=\"493\" srcset=\"https:\/\/canal.univalle.edu.co\/wp-content\/uploads\/2020\/02\/eureka.jpg 875w, https:\/\/canal.univalle.edu.co\/wp-content\/uploads\/2020\/02\/eureka-300x169.jpg 300w, https:\/\/canal.univalle.edu.co\/wp-content\/uploads\/2020\/02\/eureka-768x433.jpg 768w, https:\/\/canal.univalle.edu.co\/wp-content\/uploads\/2020\/02\/eureka-438x246.jpg 438w\" sizes=\"(max-width: 875px) 100vw, 875px\" \/><\/p>\n<p>&nbsp;<\/p>\n<p>Programa Eureka &#8211; Fuente de vida<\/p>\n<p><span class=\"pq6dq46d tbxw36s4 knj5qynh kvgmc6g5 ditlmg2l oygrvhab nvdbi5me sf5mxxl7 gl3lb2sf hhz5lgdu\"><img loading=\"lazy\" decoding=\"async\" src=\"https:\/\/static.xx.fbcdn.net\/images\/emoji.php\/v9\/tc1\/1\/16\/1f4a6.png\" alt=\"?\" width=\"16\" height=\"16\" \/><\/span>\u00a0El instituto Cinara de la Universidad del Valle por medio de distintos proyectos se encarga de investigar y desarrollar tecnolog\u00edas y m\u00e9todos de tratamientos para la potabilizaci\u00f3n del agua, con el fin de facilitar la sostenibilidad de los sistemas de abastecimiento, para as\u00ed mejorar la calidad de vida de muchas personas.<span class=\"pq6dq46d tbxw36s4 knj5qynh kvgmc6g5 ditlmg2l oygrvhab nvdbi5me sf5mxxl7 gl3lb2sf hhz5lgdu\"><img loading=\"lazy\" decoding=\"async\" src=\"https:\/\/static.xx.fbcdn.net\/images\/emoji.php\/v9\/t7f\/1\/16\/1f60a.png\" alt=\"?\" width=\"16\" height=\"16\" \/><\/span><\/p>\n<p style=\"text-align: center;\"><iframe loading=\"lazy\" title=\"YouTube video player\" src=\"https:\/\/www.youtube.com\/embed\/TwPXNTRE_C8\" width=\"560\" height=\"315\" frameborder=\"0\" allowfullscreen=\"allowfullscreen\"><\/iframe><\/p>\n<p style=\"text-align: left;\">Programa Eureka &#8211; Agricultura de Vanguardia.<\/p>\n<p style=\"text-align: left;\">Univalle le apuesta a la agricultura m\u00e1s la tecnolog\u00eda, para lograr mejores resultados en el campo agr\u00edcola y todo desde los conocimientos impartidos en la Universidad.<span class=\"pq6dq46d tbxw36s4 knj5qynh kvgmc6g5 ditlmg2l oygrvhab nvdbi5me sf5mxxl7 gl3lb2sf hhz5lgdu\"><img loading=\"lazy\" decoding=\"async\" src=\"https:\/\/static.xx.fbcdn.net\/images\/emoji.php\/v9\/t1e\/1\/16\/1f33f.png\" alt=\"?\" width=\"16\" height=\"16\" \/><\/span><\/p>\n<p style=\"text-align: center;\"><iframe loading=\"lazy\" title=\"YouTube video player\" src=\"https:\/\/www.youtube.com\/embed\/y_8DdRSuF28\" width=\"560\" height=\"315\" frameborder=\"0\" allowfullscreen=\"allowfullscreen\"><\/iframe><\/p>\n<p style=\"text-align: left;\">Programa Eureka &#8211; Infancia Curiosa<\/p>\n<p style=\"text-align: left;\"><span class=\"pq6dq46d tbxw36s4 knj5qynh kvgmc6g5 ditlmg2l oygrvhab nvdbi5me sf5mxxl7 gl3lb2sf hhz5lgdu\"><img loading=\"lazy\" decoding=\"async\" src=\"https:\/\/static.xx.fbcdn.net\/images\/emoji.php\/v9\/t1a\/1\/16\/1f9d2_1f3fb.png\" alt=\"??\" width=\"16\" height=\"16\" \/><\/span>Los ni\u00f1os en edad de preescolar y transici\u00f3n cuentan con una gran curiosidad para explorar el mundo.\u00a0<span class=\"pq6dq46d tbxw36s4 knj5qynh kvgmc6g5 ditlmg2l oygrvhab nvdbi5me sf5mxxl7 gl3lb2sf hhz5lgdu\"><img loading=\"lazy\" decoding=\"async\" src=\"https:\/\/static.xx.fbcdn.net\/images\/emoji.php\/v9\/t6b\/1\/16\/1f575.png\" alt=\"?\ufe0f\" width=\"16\" height=\"16\" \/><\/span>\u00a0Es por ello, que durante las etapas de transici\u00f3n y preescolar se hace necesario la intervenci\u00f3n adecuada de un adulto que ayude a potenciar su desarrollo.<span class=\"pq6dq46d tbxw36s4 knj5qynh kvgmc6g5 ditlmg2l oygrvhab nvdbi5me sf5mxxl7 gl3lb2sf hhz5lgdu\"><img loading=\"lazy\" decoding=\"async\" src=\"https:\/\/static.xx.fbcdn.net\/images\/emoji.php\/v9\/t3c\/1\/16\/1f4a1.png\" alt=\"?\" width=\"16\" height=\"16\" \/><\/span><\/p>\n<p style=\"text-align: center;\"><iframe loading=\"lazy\" title=\"YouTube video player\" src=\"https:\/\/www.youtube.com\/embed\/H3G_E1RXg1g\" width=\"560\" height=\"315\" frameborder=\"0\" allowfullscreen=\"allowfullscreen\"><\/iframe><\/p>\n<p style=\"text-align: left;\">Programa Eureka &#8211; Serpientes del Pacifico<\/p>\n<p style=\"text-align: center;\"><iframe loading=\"lazy\" title=\"YouTube video player\" src=\"https:\/\/www.youtube.com\/embed\/jgxnrycoEkE\" width=\"560\" height=\"315\" frameborder=\"0\" allowfullscreen=\"allowfullscreen\"><\/iframe><\/p>\n","protected":false},"excerpt":{"rendered":"<p>&nbsp; Programa Eureka &#8211; Fuente de vida \u00a0El instituto Cinara de la Universidad del Valle por medio de distintos proyectos se encarga de investigar y desarrollar tecnolog\u00edas y m\u00e9todos de tratamientos para la potabilizaci\u00f3n del agua, con el fin de facilitar la sostenibilidad de los sistemas de abastecimiento, para as\u00ed[&#8230;]<\/p>\n","protected":false},"author":1,"featured_media":0,"parent":0,"menu_order":0,"comment_status":"closed","ping_status":"closed","template":"","meta":{"footnotes":""},"yoast_head":"<!-- This site is optimized with the Yoast SEO plugin v22.2 - https:\/\/yoast.com\/wordpress\/plugins\/seo\/ -->\n<title>Eureka - Canal Universitario \/ Universidad del Valle \/ Cali, Colombia<\/title>\n<meta name=\"robots\" content=\"index, follow, max-snippet:-1, max-image-preview:large, max-video-preview:-1\" \/>\n<link rel=\"canonical\" href=\"https:\/\/canal.univalle.edu.co\/index.php\/eureka-3\/\" \/>\n<meta property=\"og:locale\" content=\"es_ES\" \/>\n<meta property=\"og:type\" content=\"article\" \/>\n<meta property=\"og:title\" content=\"Eureka - Canal Universitario \/ Universidad del Valle \/ Cali, Colombia\" \/>\n<meta property=\"og:description\" content=\"&nbsp; Programa Eureka &#8211; Fuente de vida \u00a0El instituto Cinara de la Universidad del Valle por medio de distintos proyectos se encarga de investigar y desarrollar tecnolog\u00edas y m\u00e9todos de tratamientos para la potabilizaci\u00f3n del agua, con el fin de facilitar la sostenibilidad de los sistemas de abastecimiento, para as\u00ed[...]\" \/>\n<meta property=\"og:url\" content=\"https:\/\/canal.univalle.edu.co\/index.php\/eureka-3\/\" \/>\n<meta property=\"og:site_name\" content=\"Canal Universitario \/ Universidad del Valle \/ Cali, Colombia\" \/>\n<meta property=\"article:modified_time\" content=\"2022-05-10T16:35:47+00:00\" \/>\n<meta property=\"og:image\" content=\"http:\/\/canal.univalle.edu.co\/wp-content\/uploads\/2020\/02\/eureka.jpg\" \/>\n<meta name=\"twitter:label1\" content=\"Tiempo de lectura\" \/>\n\t<meta name=\"twitter:data1\" content=\"1 minuto\" \/>\n<script type=\"application\/ld+json\" class=\"yoast-schema-graph\">{\"@context\":\"https:\/\/schema.org\",\"@graph\":[{\"@type\":\"WebPage\",\"@id\":\"https:\/\/canal.univalle.edu.co\/index.php\/eureka-3\/\",\"url\":\"https:\/\/canal.univalle.edu.co\/index.php\/eureka-3\/\",\"name\":\"Eureka - Canal Universitario \/ Universidad del Valle \/ Cali, Colombia\",\"isPartOf\":{\"@id\":\"https:\/\/canal.univalle.edu.co\/#website\"},\"primaryImageOfPage\":{\"@id\":\"https:\/\/canal.univalle.edu.co\/index.php\/eureka-3\/#primaryimage\"},\"image\":{\"@id\":\"https:\/\/canal.univalle.edu.co\/index.php\/eureka-3\/#primaryimage\"},\"thumbnailUrl\":\"http:\/\/canal.univalle.edu.co\/wp-content\/uploads\/2020\/02\/eureka.jpg\",\"datePublished\":\"2020-02-12T14:34:40+00:00\",\"dateModified\":\"2022-05-10T16:35:47+00:00\",\"breadcrumb\":{\"@id\":\"https:\/\/canal.univalle.edu.co\/index.php\/eureka-3\/#breadcrumb\"},\"inLanguage\":\"es\",\"potentialAction\":[{\"@type\":\"ReadAction\",\"target\":[\"https:\/\/canal.univalle.edu.co\/index.php\/eureka-3\/\"]}]},{\"@type\":\"ImageObject\",\"inLanguage\":\"es\",\"@id\":\"https:\/\/canal.univalle.edu.co\/index.php\/eureka-3\/#primaryimage\",\"url\":\"http:\/\/canal.univalle.edu.co\/wp-content\/uploads\/2020\/02\/eureka.jpg\",\"contentUrl\":\"http:\/\/canal.univalle.edu.co\/wp-content\/uploads\/2020\/02\/eureka.jpg\"},{\"@type\":\"BreadcrumbList\",\"@id\":\"https:\/\/canal.univalle.edu.co\/index.php\/eureka-3\/#breadcrumb\",\"itemListElement\":[{\"@type\":\"ListItem\",\"position\":1,\"name\":\"Portada\",\"item\":\"https:\/\/canal.univalle.edu.co\/\"},{\"@type\":\"ListItem\",\"position\":2,\"name\":\"Eureka\"}]},{\"@type\":\"WebSite\",\"@id\":\"https:\/\/canal.univalle.edu.co\/#website\",\"url\":\"https:\/\/canal.univalle.edu.co\/\",\"name\":\"Canal Universitario \/ Universidad del Valle \/ Cali, Colombia\",\"description\":\"Canal de la Universidad del Valle\",\"potentialAction\":[{\"@type\":\"SearchAction\",\"target\":{\"@type\":\"EntryPoint\",\"urlTemplate\":\"https:\/\/canal.univalle.edu.co\/?s={search_term_string}\"},\"query-input\":\"required name=search_term_string\"}],\"inLanguage\":\"es\"}]}<\/script>\n<!-- \/ Yoast SEO plugin. -->","yoast_head_json":{"title":"Eureka - Canal Universitario \/ Universidad del Valle \/ Cali, Colombia","robots":{"index":"index","follow":"follow","max-snippet":"max-snippet:-1","max-image-preview":"max-image-preview:large","max-video-preview":"max-video-preview:-1"},"canonical":"https:\/\/canal.univalle.edu.co\/index.php\/eureka-3\/","og_locale":"es_ES","og_type":"article","og_title":"Eureka - Canal Universitario \/ Universidad del Valle \/ Cali, Colombia","og_description":"&nbsp; Programa Eureka &#8211; Fuente de vida \u00a0El instituto Cinara de la Universidad del Valle por medio de distintos proyectos se encarga de investigar y desarrollar tecnolog\u00edas y m\u00e9todos de tratamientos para la potabilizaci\u00f3n del agua, con el fin de facilitar la sostenibilidad de los sistemas de abastecimiento, para as\u00ed[...]","og_url":"https:\/\/canal.univalle.edu.co\/index.php\/eureka-3\/","og_site_name":"Canal Universitario \/ Universidad del Valle \/ Cali, Colombia","article_modified_time":"2022-05-10T16:35:47+00:00","og_image":[{"url":"http:\/\/canal.univalle.edu.co\/wp-content\/uploads\/2020\/02\/eureka.jpg"}],"twitter_misc":{"Tiempo de lectura":"1 minuto"},"schema":{"@context":"https:\/\/schema.org","@graph":[{"@type":"WebPage","@id":"https:\/\/canal.univalle.edu.co\/index.php\/eureka-3\/","url":"https:\/\/canal.univalle.edu.co\/index.php\/eureka-3\/","name":"Eureka - Canal Universitario \/ Universidad del Valle \/ Cali, Colombia","isPartOf":{"@id":"https:\/\/canal.univalle.edu.co\/#website"},"primaryImageOfPage":{"@id":"https:\/\/canal.univalle.edu.co\/index.php\/eureka-3\/#primaryimage"},"image":{"@id":"https:\/\/canal.univalle.edu.co\/index.php\/eureka-3\/#primaryimage"},"thumbnailUrl":"http:\/\/canal.univalle.edu.co\/wp-content\/uploads\/2020\/02\/eureka.jpg","datePublished":"2020-02-12T14:34:40+00:00","dateModified":"2022-05-10T16:35:47+00:00","breadcrumb":{"@id":"https:\/\/canal.univalle.edu.co\/index.php\/eureka-3\/#breadcrumb"},"inLanguage":"es","potentialAction":[{"@type":"ReadAction","target":["https:\/\/canal.univalle.edu.co\/index.php\/eureka-3\/"]}]},{"@type":"ImageObject","inLanguage":"es","@id":"https:\/\/canal.univalle.edu.co\/index.php\/eureka-3\/#primaryimage","url":"http:\/\/canal.univalle.edu.co\/wp-content\/uploads\/2020\/02\/eureka.jpg","contentUrl":"http:\/\/canal.univalle.edu.co\/wp-content\/uploads\/2020\/02\/eureka.jpg"},{"@type":"BreadcrumbList","@id":"https:\/\/canal.univalle.edu.co\/index.php\/eureka-3\/#breadcrumb","itemListElement":[{"@type":"ListItem","position":1,"name":"Portada","item":"https:\/\/canal.univalle.edu.co\/"},{"@type":"ListItem","position":2,"name":"Eureka"}]},{"@type":"WebSite","@id":"https:\/\/canal.univalle.edu.co\/#website","url":"https:\/\/canal.univalle.edu.co\/","name":"Canal Universitario \/ Universidad del Valle \/ Cali, Colombia","description":"Canal de la Universidad del Valle","potentialAction":[{"@type":"SearchAction","target":{"@type":"EntryPoint","urlTemplate":"https:\/\/canal.univalle.edu.co\/?s={search_term_string}"},"query-input":"required name=search_term_string"}],"inLanguage":"es"}]}},"_links":{"self":[{"href":"https:\/\/canal.univalle.edu.co\/index.php\/wp-json\/wp\/v2\/pages\/6722"}],"collection":[{"href":"https:\/\/canal.univalle.edu.co\/index.php\/wp-json\/wp\/v2\/pages"}],"about":[{"href":"https:\/\/canal.univalle.edu.co\/index.php\/wp-json\/wp\/v2\/types\/page"}],"author":[{"embeddable":true,"href":"https:\/\/canal.univalle.edu.co\/index.php\/wp-json\/wp\/v2\/users\/1"}],"replies":[{"embeddable":true,"href":"https:\/\/canal.univalle.edu.co\/index.php\/wp-json\/wp\/v2\/comments?post=6722"}],"version-history":[{"count":3,"href":"https:\/\/canal.univalle.edu.co\/index.php\/wp-json\/wp\/v2\/pages\/6722\/revisions"}],"predecessor-version":[{"id":7505,"href":"https:\/\/canal.univalle.edu.co\/index.php\/wp-json\/wp\/v2\/pages\/6722\/revisions\/7505"}],"wp:attachment":[{"href":"https:\/\/canal.univalle.edu.co\/index.php\/wp-json\/wp\/v2\/media?parent=6722"}],"curies":[{"name":"wp","href":"https:\/\/api.w.org\/{rel}","templated":true}]}}