








{"id":6378,"date":"2019-08-13T13:41:40","date_gmt":"2019-08-13T18:41:40","guid":{"rendered":"http:\/\/canal.univalle.edu.co\/?page_id=6378"},"modified":"2025-12-05T15:01:06","modified_gmt":"2025-12-05T20:01:06","slug":"en-movimiento","status":"publish","type":"page","link":"https:\/\/canal.univalle.edu.co\/index.php\/en-movimiento\/","title":{"rendered":"En Movimiento"},"content":{"rendered":"<h4>Todos los Martes 8:30 PM, por nuestro Canal Univalle TV y en Youtube<\/h4>\n<hr \/>\n<h4>Con la presentaci\u00f3n de Milton Medina<\/h4>\n<hr \/>\n<h4>Temporada 2025<\/h4>\n<hr \/>\n<hr \/>\n<p>En Movimiento: El Dibujo y el Archivo: Documentos de lo Escondido<\/p>\n<p><iframe loading=\"lazy\" title=\"YouTube video player\" src=\"https:\/\/www.youtube.com\/embed\/5tDdA_nvTws?si=_1o4J5b5Bd3rJz6x\" width=\"560\" height=\"315\" frameborder=\"0\" allowfullscreen=\"allowfullscreen\"><\/iframe><\/p>\n<p>En Movimiento: Mujer c\u00edclica: el cuerpo y el hogar como sus propias geograf\u00edas de creaci\u00f3n<\/p>\n<p><iframe loading=\"lazy\" title=\"YouTube video player\" src=\"https:\/\/www.youtube.com\/embed\/fn99b368M0A?si=upRMMaQJMm5xlEIa\" width=\"560\" height=\"315\" frameborder=\"0\" allowfullscreen=\"allowfullscreen\"><\/iframe><\/p>\n<p>En Movimiento: El arte que narra la violencia: Relatos Urbanos de la Ausencia<\/p>\n<p><iframe loading=\"lazy\" title=\"YouTube video player\" src=\"https:\/\/www.youtube.com\/embed\/YmArovvK0PI?si=bAzEveD1hH2J8x-8\" width=\"560\" height=\"315\" frameborder=\"0\" allowfullscreen=\"allowfullscreen\"><\/iframe><\/p>\n<p>En Movimiento: De la polarizaci\u00f3n en la red a la creaci\u00f3n cultural:\u00bfla IA como testigo y arquitecta?<\/p>\n<p><iframe loading=\"lazy\" title=\"YouTube video player\" src=\"https:\/\/www.youtube.com\/embed\/0ThtIZ-HqJw?si=-0wA3sOSiV5hPXo6\" width=\"560\" height=\"315\" frameborder=\"0\" allowfullscreen=\"allowfullscreen\"><\/iframe><\/p>\n<p>En Movimiento: El dolor que nos une: memoria, cuerpo y resistencia ante la tragedia<\/p>\n<p><iframe loading=\"lazy\" title=\"YouTube video player\" src=\"https:\/\/www.youtube.com\/embed\/2aoYedRZHog?si=HKgjJ7JUC9lHjEtp\" width=\"560\" height=\"315\" frameborder=\"0\" allowfullscreen=\"allowfullscreen\"><\/iframe><\/p>\n","protected":false},"excerpt":{"rendered":"<p>Todos los Martes 8:30 PM, por nuestro Canal Univalle TV y en Youtube Con la presentaci\u00f3n de Milton Medina Temporada 2025 En Movimiento: El Dibujo y el Archivo: Documentos de lo Escondido En Movimiento: Mujer c\u00edclica: el cuerpo y el hogar como sus propias geograf\u00edas de creaci\u00f3n En Movimiento: El[&#8230;]<\/p>\n","protected":false},"author":1,"featured_media":0,"parent":0,"menu_order":0,"comment_status":"closed","ping_status":"closed","template":"","meta":{"footnotes":""},"yoast_head":"<!-- This site is optimized with the Yoast SEO plugin v22.2 - https:\/\/yoast.com\/wordpress\/plugins\/seo\/ -->\n<title>En Movimiento - Canal Universitario \/ Universidad del Valle \/ Cali, Colombia<\/title>\n<meta name=\"robots\" content=\"index, follow, max-snippet:-1, max-image-preview:large, max-video-preview:-1\" \/>\n<link rel=\"canonical\" href=\"https:\/\/canal.univalle.edu.co\/index.php\/en-movimiento\/\" \/>\n<meta property=\"og:locale\" content=\"es_ES\" \/>\n<meta property=\"og:type\" content=\"article\" \/>\n<meta property=\"og:title\" content=\"En Movimiento - Canal Universitario \/ Universidad del Valle \/ Cali, Colombia\" \/>\n<meta property=\"og:description\" content=\"Todos los Martes 8:30 PM, por nuestro Canal Univalle TV y en Youtube Con la presentaci\u00f3n de Milton Medina Temporada 2025 En Movimiento: El Dibujo y el Archivo: Documentos de lo Escondido En Movimiento: Mujer c\u00edclica: el cuerpo y el hogar como sus propias geograf\u00edas de creaci\u00f3n En Movimiento: El[...]\" \/>\n<meta property=\"og:url\" content=\"https:\/\/canal.univalle.edu.co\/index.php\/en-movimiento\/\" \/>\n<meta property=\"og:site_name\" content=\"Canal Universitario \/ Universidad del Valle \/ Cali, Colombia\" \/>\n<meta property=\"article:modified_time\" content=\"2025-12-05T20:01:06+00:00\" \/>\n<meta name=\"twitter:label1\" content=\"Tiempo de lectura\" \/>\n\t<meta name=\"twitter:data1\" content=\"1 minuto\" \/>\n<script type=\"application\/ld+json\" class=\"yoast-schema-graph\">{\"@context\":\"https:\/\/schema.org\",\"@graph\":[{\"@type\":\"WebPage\",\"@id\":\"https:\/\/canal.univalle.edu.co\/index.php\/en-movimiento\/\",\"url\":\"https:\/\/canal.univalle.edu.co\/index.php\/en-movimiento\/\",\"name\":\"En Movimiento - Canal Universitario \/ Universidad del Valle \/ Cali, Colombia\",\"isPartOf\":{\"@id\":\"https:\/\/canal.univalle.edu.co\/#website\"},\"datePublished\":\"2019-08-13T18:41:40+00:00\",\"dateModified\":\"2025-12-05T20:01:06+00:00\",\"breadcrumb\":{\"@id\":\"https:\/\/canal.univalle.edu.co\/index.php\/en-movimiento\/#breadcrumb\"},\"inLanguage\":\"es\",\"potentialAction\":[{\"@type\":\"ReadAction\",\"target\":[\"https:\/\/canal.univalle.edu.co\/index.php\/en-movimiento\/\"]}]},{\"@type\":\"BreadcrumbList\",\"@id\":\"https:\/\/canal.univalle.edu.co\/index.php\/en-movimiento\/#breadcrumb\",\"itemListElement\":[{\"@type\":\"ListItem\",\"position\":1,\"name\":\"Portada\",\"item\":\"https:\/\/canal.univalle.edu.co\/\"},{\"@type\":\"ListItem\",\"position\":2,\"name\":\"En Movimiento\"}]},{\"@type\":\"WebSite\",\"@id\":\"https:\/\/canal.univalle.edu.co\/#website\",\"url\":\"https:\/\/canal.univalle.edu.co\/\",\"name\":\"Canal Universitario \/ Universidad del Valle \/ Cali, Colombia\",\"description\":\"Canal de la Universidad del Valle\",\"potentialAction\":[{\"@type\":\"SearchAction\",\"target\":{\"@type\":\"EntryPoint\",\"urlTemplate\":\"https:\/\/canal.univalle.edu.co\/?s={search_term_string}\"},\"query-input\":\"required name=search_term_string\"}],\"inLanguage\":\"es\"}]}<\/script>\n<!-- \/ Yoast SEO plugin. -->","yoast_head_json":{"title":"En Movimiento - Canal Universitario \/ Universidad del Valle \/ Cali, Colombia","robots":{"index":"index","follow":"follow","max-snippet":"max-snippet:-1","max-image-preview":"max-image-preview:large","max-video-preview":"max-video-preview:-1"},"canonical":"https:\/\/canal.univalle.edu.co\/index.php\/en-movimiento\/","og_locale":"es_ES","og_type":"article","og_title":"En Movimiento - Canal Universitario \/ Universidad del Valle \/ Cali, Colombia","og_description":"Todos los Martes 8:30 PM, por nuestro Canal Univalle TV y en Youtube Con la presentaci\u00f3n de Milton Medina Temporada 2025 En Movimiento: El Dibujo y el Archivo: Documentos de lo Escondido En Movimiento: Mujer c\u00edclica: el cuerpo y el hogar como sus propias geograf\u00edas de creaci\u00f3n En Movimiento: El[...]","og_url":"https:\/\/canal.univalle.edu.co\/index.php\/en-movimiento\/","og_site_name":"Canal Universitario \/ Universidad del Valle \/ Cali, Colombia","article_modified_time":"2025-12-05T20:01:06+00:00","twitter_misc":{"Tiempo de lectura":"1 minuto"},"schema":{"@context":"https:\/\/schema.org","@graph":[{"@type":"WebPage","@id":"https:\/\/canal.univalle.edu.co\/index.php\/en-movimiento\/","url":"https:\/\/canal.univalle.edu.co\/index.php\/en-movimiento\/","name":"En Movimiento - Canal Universitario \/ Universidad del Valle \/ Cali, Colombia","isPartOf":{"@id":"https:\/\/canal.univalle.edu.co\/#website"},"datePublished":"2019-08-13T18:41:40+00:00","dateModified":"2025-12-05T20:01:06+00:00","breadcrumb":{"@id":"https:\/\/canal.univalle.edu.co\/index.php\/en-movimiento\/#breadcrumb"},"inLanguage":"es","potentialAction":[{"@type":"ReadAction","target":["https:\/\/canal.univalle.edu.co\/index.php\/en-movimiento\/"]}]},{"@type":"BreadcrumbList","@id":"https:\/\/canal.univalle.edu.co\/index.php\/en-movimiento\/#breadcrumb","itemListElement":[{"@type":"ListItem","position":1,"name":"Portada","item":"https:\/\/canal.univalle.edu.co\/"},{"@type":"ListItem","position":2,"name":"En Movimiento"}]},{"@type":"WebSite","@id":"https:\/\/canal.univalle.edu.co\/#website","url":"https:\/\/canal.univalle.edu.co\/","name":"Canal Universitario \/ Universidad del Valle \/ Cali, Colombia","description":"Canal de la Universidad del Valle","potentialAction":[{"@type":"SearchAction","target":{"@type":"EntryPoint","urlTemplate":"https:\/\/canal.univalle.edu.co\/?s={search_term_string}"},"query-input":"required name=search_term_string"}],"inLanguage":"es"}]}},"_links":{"self":[{"href":"https:\/\/canal.univalle.edu.co\/index.php\/wp-json\/wp\/v2\/pages\/6378"}],"collection":[{"href":"https:\/\/canal.univalle.edu.co\/index.php\/wp-json\/wp\/v2\/pages"}],"about":[{"href":"https:\/\/canal.univalle.edu.co\/index.php\/wp-json\/wp\/v2\/types\/page"}],"author":[{"embeddable":true,"href":"https:\/\/canal.univalle.edu.co\/index.php\/wp-json\/wp\/v2\/users\/1"}],"replies":[{"embeddable":true,"href":"https:\/\/canal.univalle.edu.co\/index.php\/wp-json\/wp\/v2\/comments?post=6378"}],"version-history":[{"count":36,"href":"https:\/\/canal.univalle.edu.co\/index.php\/wp-json\/wp\/v2\/pages\/6378\/revisions"}],"predecessor-version":[{"id":8623,"href":"https:\/\/canal.univalle.edu.co\/index.php\/wp-json\/wp\/v2\/pages\/6378\/revisions\/8623"}],"wp:attachment":[{"href":"https:\/\/canal.univalle.edu.co\/index.php\/wp-json\/wp\/v2\/media?parent=6378"}],"curies":[{"name":"wp","href":"https:\/\/api.w.org\/{rel}","templated":true}]}}