








{"id":3939,"date":"2016-04-01T15:21:17","date_gmt":"2016-04-01T20:21:17","guid":{"rendered":"http:\/\/canal.univalle.edu.co\/?page_id=3939"},"modified":"2018-06-20T11:12:48","modified_gmt":"2018-06-20T16:12:48","slug":"servicios","status":"publish","type":"page","link":"https:\/\/canal.univalle.edu.co\/index.php\/servicios\/","title":{"rendered":"Servicios"},"content":{"rendered":"<p><strong><span style=\"font-family: helvetica; font-size: 12pt;\">\u00a1LO QUE HACEMOS!<\/span><\/strong><\/p>\n<ul>\n<li><span style=\"font-family: helvetica; font-size: 10pt; color: #000000;\">Proyectos<\/span><\/li>\n<li><span style=\"font-family: helvetica; font-size: 10pt; color: #000000;\">Cubrimiento y\/o transmisi\u00f3n\u00a0de eventos especiales<\/span><\/li>\n<li><span style=\"font-family: helvetica; font-size: 10pt; color: #000000;\">Videos Corporativos<\/span><\/li>\n<li><span style=\"font-family: helvetica; font-size: 10pt; color: #000000;\">Programas institucionales<\/span><\/li>\n<li><span style=\"font-family: helvetica; font-size: 10pt; color: #000000;\">Comerciales<\/span><\/li>\n<li><span style=\"font-family: helvetica; font-size: 10pt; color: #000000;\">Videos did\u00e1cticos<\/span><\/li>\n<li><span style=\"font-family: helvetica; font-size: 10pt; color: #000000;\">Programas informativos &#8211; period\u00edsticos<\/span><\/li>\n<li><span style=\"font-family: helvetica; font-size: 10pt; color: #000000;\">Documentales<\/span><\/li>\n<li><span style=\"font-family: helvetica; font-size: 10pt; color: #000000;\">Video Clips<\/span><\/li>\n<li><span style=\"font-family: helvetica; font-size: 10pt; color: #000000;\">Asesor\u00eda en audiovisuales<\/span><\/li>\n<li><span style=\"font-family: helvetica; font-size: 10pt; color: #000000;\">Alquiler de equipos para grabaci\u00f3n y postproducci\u00f3n de audiovisuales<\/span><\/li>\n<li><span style=\"font-family: helvetica; font-size: 10pt; color: #000000;\">Alquiler de estudio de grabaci\u00f3n.<\/span><\/li>\n<\/ul>\n<p><span style=\"font-size: 10pt; color: #000000;\"><strong><span style=\"font-family: helvetica;\">Para mayor informaci\u00f3n, escr\u00edbenos a <a href=\"mailto:canal@correounivalle.edu.co\" target=\"_blank\">canal@correounivalle.edu.co<\/a><\/span><\/strong><\/span><\/p>\n","protected":false},"excerpt":{"rendered":"<p>\u00a1LO QUE HACEMOS! Proyectos Cubrimiento y\/o transmisi\u00f3n\u00a0de eventos especiales Videos Corporativos Programas institucionales Comerciales Videos did\u00e1cticos Programas informativos &#8211; period\u00edsticos Documentales Video Clips Asesor\u00eda en audiovisuales Alquiler de equipos para grabaci\u00f3n y postproducci\u00f3n de audiovisuales Alquiler de estudio de grabaci\u00f3n. Para mayor informaci\u00f3n, escr\u00edbenos a canal@correounivalle.edu.co<\/p>\n","protected":false},"author":1,"featured_media":3940,"parent":0,"menu_order":0,"comment_status":"open","ping_status":"open","template":"","meta":{"footnotes":""},"yoast_head":"<!-- This site is optimized with the Yoast SEO plugin v22.2 - https:\/\/yoast.com\/wordpress\/plugins\/seo\/ -->\n<title>Servicios - Canal Universitario \/ Universidad del Valle \/ Cali, Colombia<\/title>\n<meta name=\"robots\" content=\"index, follow, max-snippet:-1, max-image-preview:large, max-video-preview:-1\" \/>\n<link rel=\"canonical\" href=\"https:\/\/canal.univalle.edu.co\/index.php\/servicios\/\" \/>\n<meta property=\"og:locale\" content=\"es_ES\" \/>\n<meta property=\"og:type\" content=\"article\" \/>\n<meta property=\"og:title\" content=\"Servicios - Canal Universitario \/ Universidad del Valle \/ Cali, Colombia\" \/>\n<meta property=\"og:description\" content=\"\u00a1LO QUE HACEMOS! Proyectos Cubrimiento y\/o transmisi\u00f3n\u00a0de eventos especiales Videos Corporativos Programas institucionales Comerciales Videos did\u00e1cticos Programas informativos &#8211; period\u00edsticos Documentales Video Clips Asesor\u00eda en audiovisuales Alquiler de equipos para grabaci\u00f3n y postproducci\u00f3n de audiovisuales Alquiler de estudio de grabaci\u00f3n. Para mayor informaci\u00f3n, escr\u00edbenos a canal@correounivalle.edu.co\" \/>\n<meta property=\"og:url\" content=\"https:\/\/canal.univalle.edu.co\/index.php\/servicios\/\" \/>\n<meta property=\"og:site_name\" content=\"Canal Universitario \/ Universidad del Valle \/ Cali, Colombia\" \/>\n<meta property=\"article:modified_time\" content=\"2018-06-20T16:12:48+00:00\" \/>\n<meta property=\"og:image\" content=\"https:\/\/canal.univalle.edu.co\/wp-content\/uploads\/2016\/04\/1557270_796625210400988_2197771818823267474_o.jpg\" \/>\n\t<meta property=\"og:image:width\" content=\"2048\" \/>\n\t<meta property=\"og:image:height\" content=\"1150\" \/>\n\t<meta property=\"og:image:type\" content=\"image\/jpeg\" \/>\n<script type=\"application\/ld+json\" class=\"yoast-schema-graph\">{\"@context\":\"https:\/\/schema.org\",\"@graph\":[{\"@type\":\"WebPage\",\"@id\":\"https:\/\/canal.univalle.edu.co\/index.php\/servicios\/\",\"url\":\"https:\/\/canal.univalle.edu.co\/index.php\/servicios\/\",\"name\":\"Servicios - Canal Universitario \/ Universidad del Valle \/ Cali, Colombia\",\"isPartOf\":{\"@id\":\"https:\/\/canal.univalle.edu.co\/#website\"},\"primaryImageOfPage\":{\"@id\":\"https:\/\/canal.univalle.edu.co\/index.php\/servicios\/#primaryimage\"},\"image\":{\"@id\":\"https:\/\/canal.univalle.edu.co\/index.php\/servicios\/#primaryimage\"},\"thumbnailUrl\":\"https:\/\/canal.univalle.edu.co\/wp-content\/uploads\/2016\/04\/1557270_796625210400988_2197771818823267474_o.jpg\",\"datePublished\":\"2016-04-01T20:21:17+00:00\",\"dateModified\":\"2018-06-20T16:12:48+00:00\",\"breadcrumb\":{\"@id\":\"https:\/\/canal.univalle.edu.co\/index.php\/servicios\/#breadcrumb\"},\"inLanguage\":\"es\",\"potentialAction\":[{\"@type\":\"ReadAction\",\"target\":[\"https:\/\/canal.univalle.edu.co\/index.php\/servicios\/\"]}]},{\"@type\":\"ImageObject\",\"inLanguage\":\"es\",\"@id\":\"https:\/\/canal.univalle.edu.co\/index.php\/servicios\/#primaryimage\",\"url\":\"https:\/\/canal.univalle.edu.co\/wp-content\/uploads\/2016\/04\/1557270_796625210400988_2197771818823267474_o.jpg\",\"contentUrl\":\"https:\/\/canal.univalle.edu.co\/wp-content\/uploads\/2016\/04\/1557270_796625210400988_2197771818823267474_o.jpg\",\"width\":2048,\"height\":1150},{\"@type\":\"BreadcrumbList\",\"@id\":\"https:\/\/canal.univalle.edu.co\/index.php\/servicios\/#breadcrumb\",\"itemListElement\":[{\"@type\":\"ListItem\",\"position\":1,\"name\":\"Portada\",\"item\":\"https:\/\/canal.univalle.edu.co\/\"},{\"@type\":\"ListItem\",\"position\":2,\"name\":\"Servicios\"}]},{\"@type\":\"WebSite\",\"@id\":\"https:\/\/canal.univalle.edu.co\/#website\",\"url\":\"https:\/\/canal.univalle.edu.co\/\",\"name\":\"Canal Universitario \/ Universidad del Valle \/ Cali, Colombia\",\"description\":\"Canal de la Universidad del Valle\",\"potentialAction\":[{\"@type\":\"SearchAction\",\"target\":{\"@type\":\"EntryPoint\",\"urlTemplate\":\"https:\/\/canal.univalle.edu.co\/?s={search_term_string}\"},\"query-input\":\"required name=search_term_string\"}],\"inLanguage\":\"es\"}]}<\/script>\n<!-- \/ Yoast SEO plugin. -->","yoast_head_json":{"title":"Servicios - Canal Universitario \/ Universidad del Valle \/ Cali, Colombia","robots":{"index":"index","follow":"follow","max-snippet":"max-snippet:-1","max-image-preview":"max-image-preview:large","max-video-preview":"max-video-preview:-1"},"canonical":"https:\/\/canal.univalle.edu.co\/index.php\/servicios\/","og_locale":"es_ES","og_type":"article","og_title":"Servicios - Canal Universitario \/ Universidad del Valle \/ Cali, Colombia","og_description":"\u00a1LO QUE HACEMOS! Proyectos Cubrimiento y\/o transmisi\u00f3n\u00a0de eventos especiales Videos Corporativos Programas institucionales Comerciales Videos did\u00e1cticos Programas informativos &#8211; period\u00edsticos Documentales Video Clips Asesor\u00eda en audiovisuales Alquiler de equipos para grabaci\u00f3n y postproducci\u00f3n de audiovisuales Alquiler de estudio de grabaci\u00f3n. Para mayor informaci\u00f3n, escr\u00edbenos a canal@correounivalle.edu.co","og_url":"https:\/\/canal.univalle.edu.co\/index.php\/servicios\/","og_site_name":"Canal Universitario \/ Universidad del Valle \/ Cali, Colombia","article_modified_time":"2018-06-20T16:12:48+00:00","og_image":[{"width":2048,"height":1150,"url":"https:\/\/canal.univalle.edu.co\/wp-content\/uploads\/2016\/04\/1557270_796625210400988_2197771818823267474_o.jpg","type":"image\/jpeg"}],"schema":{"@context":"https:\/\/schema.org","@graph":[{"@type":"WebPage","@id":"https:\/\/canal.univalle.edu.co\/index.php\/servicios\/","url":"https:\/\/canal.univalle.edu.co\/index.php\/servicios\/","name":"Servicios - Canal Universitario \/ Universidad del Valle \/ Cali, Colombia","isPartOf":{"@id":"https:\/\/canal.univalle.edu.co\/#website"},"primaryImageOfPage":{"@id":"https:\/\/canal.univalle.edu.co\/index.php\/servicios\/#primaryimage"},"image":{"@id":"https:\/\/canal.univalle.edu.co\/index.php\/servicios\/#primaryimage"},"thumbnailUrl":"https:\/\/canal.univalle.edu.co\/wp-content\/uploads\/2016\/04\/1557270_796625210400988_2197771818823267474_o.jpg","datePublished":"2016-04-01T20:21:17+00:00","dateModified":"2018-06-20T16:12:48+00:00","breadcrumb":{"@id":"https:\/\/canal.univalle.edu.co\/index.php\/servicios\/#breadcrumb"},"inLanguage":"es","potentialAction":[{"@type":"ReadAction","target":["https:\/\/canal.univalle.edu.co\/index.php\/servicios\/"]}]},{"@type":"ImageObject","inLanguage":"es","@id":"https:\/\/canal.univalle.edu.co\/index.php\/servicios\/#primaryimage","url":"https:\/\/canal.univalle.edu.co\/wp-content\/uploads\/2016\/04\/1557270_796625210400988_2197771818823267474_o.jpg","contentUrl":"https:\/\/canal.univalle.edu.co\/wp-content\/uploads\/2016\/04\/1557270_796625210400988_2197771818823267474_o.jpg","width":2048,"height":1150},{"@type":"BreadcrumbList","@id":"https:\/\/canal.univalle.edu.co\/index.php\/servicios\/#breadcrumb","itemListElement":[{"@type":"ListItem","position":1,"name":"Portada","item":"https:\/\/canal.univalle.edu.co\/"},{"@type":"ListItem","position":2,"name":"Servicios"}]},{"@type":"WebSite","@id":"https:\/\/canal.univalle.edu.co\/#website","url":"https:\/\/canal.univalle.edu.co\/","name":"Canal Universitario \/ Universidad del Valle \/ Cali, Colombia","description":"Canal de la Universidad del Valle","potentialAction":[{"@type":"SearchAction","target":{"@type":"EntryPoint","urlTemplate":"https:\/\/canal.univalle.edu.co\/?s={search_term_string}"},"query-input":"required name=search_term_string"}],"inLanguage":"es"}]}},"_links":{"self":[{"href":"https:\/\/canal.univalle.edu.co\/index.php\/wp-json\/wp\/v2\/pages\/3939"}],"collection":[{"href":"https:\/\/canal.univalle.edu.co\/index.php\/wp-json\/wp\/v2\/pages"}],"about":[{"href":"https:\/\/canal.univalle.edu.co\/index.php\/wp-json\/wp\/v2\/types\/page"}],"author":[{"embeddable":true,"href":"https:\/\/canal.univalle.edu.co\/index.php\/wp-json\/wp\/v2\/users\/1"}],"replies":[{"embeddable":true,"href":"https:\/\/canal.univalle.edu.co\/index.php\/wp-json\/wp\/v2\/comments?post=3939"}],"version-history":[{"count":6,"href":"https:\/\/canal.univalle.edu.co\/index.php\/wp-json\/wp\/v2\/pages\/3939\/revisions"}],"predecessor-version":[{"id":5787,"href":"https:\/\/canal.univalle.edu.co\/index.php\/wp-json\/wp\/v2\/pages\/3939\/revisions\/5787"}],"wp:featuredmedia":[{"embeddable":true,"href":"https:\/\/canal.univalle.edu.co\/index.php\/wp-json\/wp\/v2\/media\/3940"}],"wp:attachment":[{"href":"https:\/\/canal.univalle.edu.co\/index.php\/wp-json\/wp\/v2\/media?parent=3939"}],"curies":[{"name":"wp","href":"https:\/\/api.w.org\/{rel}","templated":true}]}}