








{"id":3933,"date":"2016-04-01T15:03:11","date_gmt":"2016-04-01T20:03:11","guid":{"rendered":"http:\/\/canal.univalle.edu.co\/?page_id=3933"},"modified":"2016-04-01T15:07:16","modified_gmt":"2016-04-01T20:07:16","slug":"canal-uv","status":"publish","type":"page","link":"https:\/\/canal.univalle.edu.co\/index.php\/canal-uv\/","title":{"rendered":"Canal UV"},"content":{"rendered":"<p><strong><span style=\"font-family: helvetica; font-size: 12pt;\">\u00a0\u00a1ACERCA DE NOSOTROS!\u00a0<\/span><\/strong><\/p>\n<p><a href=\"http:\/\/canal.univalle.edu.co\/wp-content\/uploads\/2014\/07\/entrelineas.jpg\"><img loading=\"lazy\" decoding=\"async\" class=\"alignleft wp-image-1106 size-medium\" src=\"http:\/\/canal.univalle.edu.co\/wp-content\/uploads\/2014\/07\/entrelineas-300x198.jpg\" alt=\"Programa &quot;Entre L\u00edneas&quot; Lunes, 5:30 p.m. (En directo)\" width=\"300\" height=\"198\" srcset=\"https:\/\/canal.univalle.edu.co\/wp-content\/uploads\/2014\/07\/entrelineas-300x198.jpg 300w, https:\/\/canal.univalle.edu.co\/wp-content\/uploads\/2014\/07\/entrelineas-1024x678.jpg 1024w, https:\/\/canal.univalle.edu.co\/wp-content\/uploads\/2014\/07\/entrelineas-438x290.jpg 438w, https:\/\/canal.univalle.edu.co\/wp-content\/uploads\/2014\/07\/entrelineas.jpg 2048w\" sizes=\"(max-width: 300px) 100vw, 300px\" \/><\/a><\/p>\n<p><span style=\"font-family: helvetica; font-size: 10pt;\">El Canal Universitario de la Universidad del Valle,\u00a0 es un medio que busca colmar las expectativas culturales, sociales, educativas y de entretenimiento de la ciudad de Santiago de Cali.<\/span><\/p>\n<p><span style=\"font-family: helvetica; font-size: 10pt;\">Hoy en d\u00eda contamos con una audiencia de m\u00e1s de 600.000 televidentes, mostrando una opci\u00f3n alternativa para ver televisi\u00f3n, brindamos contenidos\u00a0 diferentes para llevar a los hogares cale\u00f1os una programaci\u00f3n de calidad.<\/span><\/p>\n<p><span style=\"font-family: helvetica; font-size: 10pt;\">En nuestra programaci\u00f3n\u00a0 usted encontrar\u00e1 contenidos de inclusi\u00f3n, con temas deportivos, musicales, acad\u00e9micos, sociales y actuales. Usted podr\u00e1 disfrutar de diferentes g\u00e9neros informativos como entrevistas, documentales, magazines\u00a0 entre otros, ofreciendo as\u00ed espacios de divulgaci\u00f3n, opini\u00f3n, debate y entretenimiento.<\/span><\/p>\n<p><span style=\"font-family: helvetica; font-size: 10pt;\">De esta manera, nos posicionamos como el canal de la ciudad de Cali, una opci\u00f3n diferente de hacer y de ver televisi\u00f3n.<\/span><\/p>\n<p><span style=\"font-family: helvetica; font-size: 10pt;\"><strong>Nuestras frecuencias<\/strong>:<\/span><\/p>\n<p><span style=\"font-family: helvetica; font-size: 10pt;\">Une: canal 98<\/span><\/p>\n<p><span style=\"font-family: helvetica; font-size: 10pt;\">Claro: canal 25<\/span><\/p>\n<p><span style=\"font-family: helvetica; font-size: 10pt;\">Claro digital: canal 104<\/span><\/p>\n<p><span style=\"font-family: helvetica; font-size: 10pt;\">Global TV: canal 88<\/span><\/p>\n<p><span style=\"font-family: helvetica; font-size: 10pt;\">Antena de aire: canal 25 o canal 76.<\/span><\/p>\n<p><strong><span style=\"font-family: helvetica; font-size: 12pt;\">\u00a1Qu\u00e9 esperas para hacer parte de una televisi\u00f3n diferente!<\/span><\/strong><\/p>\n","protected":false},"excerpt":{"rendered":"<p>\u00a0\u00a1ACERCA DE NOSOTROS!\u00a0 El Canal Universitario de la Universidad del Valle,\u00a0 es un medio que busca colmar las expectativas culturales, sociales, educativas y de entretenimiento de la ciudad de Santiago de Cali. Hoy en d\u00eda contamos con una audiencia de m\u00e1s de 600.000 televidentes, mostrando una opci\u00f3n alternativa para ver[&#8230;]<\/p>\n","protected":false},"author":1,"featured_media":0,"parent":0,"menu_order":0,"comment_status":"open","ping_status":"open","template":"","meta":{"footnotes":""},"yoast_head":"<!-- This site is optimized with the Yoast SEO plugin v22.2 - https:\/\/yoast.com\/wordpress\/plugins\/seo\/ -->\n<title>Canal UV - Canal Universitario \/ Universidad del Valle \/ Cali, Colombia<\/title>\n<meta name=\"robots\" content=\"index, follow, max-snippet:-1, max-image-preview:large, max-video-preview:-1\" \/>\n<link rel=\"canonical\" href=\"https:\/\/canal.univalle.edu.co\/index.php\/canal-uv\/\" \/>\n<meta property=\"og:locale\" content=\"es_ES\" \/>\n<meta property=\"og:type\" content=\"article\" \/>\n<meta property=\"og:title\" content=\"Canal UV - Canal Universitario \/ Universidad del Valle \/ Cali, Colombia\" \/>\n<meta property=\"og:description\" content=\"\u00a0\u00a1ACERCA DE NOSOTROS!\u00a0 El Canal Universitario de la Universidad del Valle,\u00a0 es un medio que busca colmar las expectativas culturales, sociales, educativas y de entretenimiento de la ciudad de Santiago de Cali. Hoy en d\u00eda contamos con una audiencia de m\u00e1s de 600.000 televidentes, mostrando una opci\u00f3n alternativa para ver[...]\" \/>\n<meta property=\"og:url\" content=\"https:\/\/canal.univalle.edu.co\/index.php\/canal-uv\/\" \/>\n<meta property=\"og:site_name\" content=\"Canal Universitario \/ Universidad del Valle \/ Cali, Colombia\" \/>\n<meta property=\"article:modified_time\" content=\"2016-04-01T20:07:16+00:00\" \/>\n<meta property=\"og:image\" content=\"http:\/\/canal.univalle.edu.co\/wp-content\/uploads\/2014\/07\/entrelineas-300x198.jpg\" \/>\n<meta name=\"twitter:label1\" content=\"Tiempo de lectura\" \/>\n\t<meta name=\"twitter:data1\" content=\"1 minuto\" \/>\n<script type=\"application\/ld+json\" class=\"yoast-schema-graph\">{\"@context\":\"https:\/\/schema.org\",\"@graph\":[{\"@type\":\"WebPage\",\"@id\":\"https:\/\/canal.univalle.edu.co\/index.php\/canal-uv\/\",\"url\":\"https:\/\/canal.univalle.edu.co\/index.php\/canal-uv\/\",\"name\":\"Canal UV - Canal Universitario \/ Universidad del Valle \/ Cali, Colombia\",\"isPartOf\":{\"@id\":\"https:\/\/canal.univalle.edu.co\/#website\"},\"primaryImageOfPage\":{\"@id\":\"https:\/\/canal.univalle.edu.co\/index.php\/canal-uv\/#primaryimage\"},\"image\":{\"@id\":\"https:\/\/canal.univalle.edu.co\/index.php\/canal-uv\/#primaryimage\"},\"thumbnailUrl\":\"http:\/\/canal.univalle.edu.co\/wp-content\/uploads\/2014\/07\/entrelineas-300x198.jpg\",\"datePublished\":\"2016-04-01T20:03:11+00:00\",\"dateModified\":\"2016-04-01T20:07:16+00:00\",\"breadcrumb\":{\"@id\":\"https:\/\/canal.univalle.edu.co\/index.php\/canal-uv\/#breadcrumb\"},\"inLanguage\":\"es\",\"potentialAction\":[{\"@type\":\"ReadAction\",\"target\":[\"https:\/\/canal.univalle.edu.co\/index.php\/canal-uv\/\"]}]},{\"@type\":\"ImageObject\",\"inLanguage\":\"es\",\"@id\":\"https:\/\/canal.univalle.edu.co\/index.php\/canal-uv\/#primaryimage\",\"url\":\"http:\/\/canal.univalle.edu.co\/wp-content\/uploads\/2014\/07\/entrelineas-300x198.jpg\",\"contentUrl\":\"http:\/\/canal.univalle.edu.co\/wp-content\/uploads\/2014\/07\/entrelineas-300x198.jpg\"},{\"@type\":\"BreadcrumbList\",\"@id\":\"https:\/\/canal.univalle.edu.co\/index.php\/canal-uv\/#breadcrumb\",\"itemListElement\":[{\"@type\":\"ListItem\",\"position\":1,\"name\":\"Portada\",\"item\":\"https:\/\/canal.univalle.edu.co\/\"},{\"@type\":\"ListItem\",\"position\":2,\"name\":\"Canal UV\"}]},{\"@type\":\"WebSite\",\"@id\":\"https:\/\/canal.univalle.edu.co\/#website\",\"url\":\"https:\/\/canal.univalle.edu.co\/\",\"name\":\"Canal Universitario \/ Universidad del Valle \/ Cali, Colombia\",\"description\":\"Canal de la Universidad del Valle\",\"potentialAction\":[{\"@type\":\"SearchAction\",\"target\":{\"@type\":\"EntryPoint\",\"urlTemplate\":\"https:\/\/canal.univalle.edu.co\/?s={search_term_string}\"},\"query-input\":\"required name=search_term_string\"}],\"inLanguage\":\"es\"}]}<\/script>\n<!-- \/ Yoast SEO plugin. -->","yoast_head_json":{"title":"Canal UV - Canal Universitario \/ Universidad del Valle \/ Cali, Colombia","robots":{"index":"index","follow":"follow","max-snippet":"max-snippet:-1","max-image-preview":"max-image-preview:large","max-video-preview":"max-video-preview:-1"},"canonical":"https:\/\/canal.univalle.edu.co\/index.php\/canal-uv\/","og_locale":"es_ES","og_type":"article","og_title":"Canal UV - Canal Universitario \/ Universidad del Valle \/ Cali, Colombia","og_description":"\u00a0\u00a1ACERCA DE NOSOTROS!\u00a0 El Canal Universitario de la Universidad del Valle,\u00a0 es un medio que busca colmar las expectativas culturales, sociales, educativas y de entretenimiento de la ciudad de Santiago de Cali. Hoy en d\u00eda contamos con una audiencia de m\u00e1s de 600.000 televidentes, mostrando una opci\u00f3n alternativa para ver[...]","og_url":"https:\/\/canal.univalle.edu.co\/index.php\/canal-uv\/","og_site_name":"Canal Universitario \/ Universidad del Valle \/ Cali, Colombia","article_modified_time":"2016-04-01T20:07:16+00:00","og_image":[{"url":"http:\/\/canal.univalle.edu.co\/wp-content\/uploads\/2014\/07\/entrelineas-300x198.jpg"}],"twitter_misc":{"Tiempo de lectura":"1 minuto"},"schema":{"@context":"https:\/\/schema.org","@graph":[{"@type":"WebPage","@id":"https:\/\/canal.univalle.edu.co\/index.php\/canal-uv\/","url":"https:\/\/canal.univalle.edu.co\/index.php\/canal-uv\/","name":"Canal UV - Canal Universitario \/ Universidad del Valle \/ Cali, Colombia","isPartOf":{"@id":"https:\/\/canal.univalle.edu.co\/#website"},"primaryImageOfPage":{"@id":"https:\/\/canal.univalle.edu.co\/index.php\/canal-uv\/#primaryimage"},"image":{"@id":"https:\/\/canal.univalle.edu.co\/index.php\/canal-uv\/#primaryimage"},"thumbnailUrl":"http:\/\/canal.univalle.edu.co\/wp-content\/uploads\/2014\/07\/entrelineas-300x198.jpg","datePublished":"2016-04-01T20:03:11+00:00","dateModified":"2016-04-01T20:07:16+00:00","breadcrumb":{"@id":"https:\/\/canal.univalle.edu.co\/index.php\/canal-uv\/#breadcrumb"},"inLanguage":"es","potentialAction":[{"@type":"ReadAction","target":["https:\/\/canal.univalle.edu.co\/index.php\/canal-uv\/"]}]},{"@type":"ImageObject","inLanguage":"es","@id":"https:\/\/canal.univalle.edu.co\/index.php\/canal-uv\/#primaryimage","url":"http:\/\/canal.univalle.edu.co\/wp-content\/uploads\/2014\/07\/entrelineas-300x198.jpg","contentUrl":"http:\/\/canal.univalle.edu.co\/wp-content\/uploads\/2014\/07\/entrelineas-300x198.jpg"},{"@type":"BreadcrumbList","@id":"https:\/\/canal.univalle.edu.co\/index.php\/canal-uv\/#breadcrumb","itemListElement":[{"@type":"ListItem","position":1,"name":"Portada","item":"https:\/\/canal.univalle.edu.co\/"},{"@type":"ListItem","position":2,"name":"Canal UV"}]},{"@type":"WebSite","@id":"https:\/\/canal.univalle.edu.co\/#website","url":"https:\/\/canal.univalle.edu.co\/","name":"Canal Universitario \/ Universidad del Valle \/ Cali, Colombia","description":"Canal de la Universidad del Valle","potentialAction":[{"@type":"SearchAction","target":{"@type":"EntryPoint","urlTemplate":"https:\/\/canal.univalle.edu.co\/?s={search_term_string}"},"query-input":"required name=search_term_string"}],"inLanguage":"es"}]}},"_links":{"self":[{"href":"https:\/\/canal.univalle.edu.co\/index.php\/wp-json\/wp\/v2\/pages\/3933"}],"collection":[{"href":"https:\/\/canal.univalle.edu.co\/index.php\/wp-json\/wp\/v2\/pages"}],"about":[{"href":"https:\/\/canal.univalle.edu.co\/index.php\/wp-json\/wp\/v2\/types\/page"}],"author":[{"embeddable":true,"href":"https:\/\/canal.univalle.edu.co\/index.php\/wp-json\/wp\/v2\/users\/1"}],"replies":[{"embeddable":true,"href":"https:\/\/canal.univalle.edu.co\/index.php\/wp-json\/wp\/v2\/comments?post=3933"}],"version-history":[{"count":3,"href":"https:\/\/canal.univalle.edu.co\/index.php\/wp-json\/wp\/v2\/pages\/3933\/revisions"}],"predecessor-version":[{"id":3938,"href":"https:\/\/canal.univalle.edu.co\/index.php\/wp-json\/wp\/v2\/pages\/3933\/revisions\/3938"}],"wp:attachment":[{"href":"https:\/\/canal.univalle.edu.co\/index.php\/wp-json\/wp\/v2\/media?parent=3933"}],"curies":[{"name":"wp","href":"https:\/\/api.w.org\/{rel}","templated":true}]}}