








{"id":3791,"date":"2016-03-28T11:16:12","date_gmt":"2016-03-28T16:16:12","guid":{"rendered":"http:\/\/canal.univalle.edu.co\/?page_id=3791"},"modified":"2025-10-08T10:48:09","modified_gmt":"2025-10-08T15:48:09","slug":"defensor-del-televidente","status":"publish","type":"page","link":"https:\/\/canal.univalle.edu.co\/index.php\/defensor-del-televidente\/","title":{"rendered":"Controlando TV"},"content":{"rendered":"<h4>Un programa que significa al televidente y le otorga derechos para velar por una televisi\u00f3n m\u00e1s justa y plural.<\/h4>\n<hr \/>\n<h4>Presentado por Ana Luc\u00eda Garc\u00eda<\/h4>\n<hr \/>\n<h4>Todos los viernes a las 7:30 pm<\/h4>\n<hr \/><hr \/>\n<p>Controlando TV &#8211; Julieta Gallego<\/p>\n<p><iframe loading=\"lazy\" title=\"YouTube video player\" src=\"https:\/\/www.youtube.com\/embed\/C2f6p0XHwEo?si=lU0YlfVVNbKOKsAX\" width=\"560\" height=\"315\" frameborder=\"0\" allowfullscreen=\"allowfullscreen\"><\/iframe><\/p>\n<p><iframe loading=\"lazy\" title=\"YouTube video player\" src=\"https:\/\/www.youtube.com\/embed\/cCXQ0IavwYQ?si=Dpo-UPDSxpuxREfO\" width=\"560\" height=\"315\" frameborder=\"0\" allowfullscreen=\"allowfullscreen\"><\/iframe><\/p>\n\n\n<p>Controlando TV &#8211; Juan Pablo Gallego<\/p>\n\n\n<p><iframe loading=\"lazy\" width=\"560\" height=\"315\" src=\"https:\/\/www.youtube.com\/embed\/hquBd6yxFy8?si=-UISFxUzTcl-xbPa\" title=\"YouTube video player\" frameborder=\"0\" allow=\"accelerometer; autoplay; clipboard-write; encrypted-media; gyroscope; picture-in-picture; web-share\" referrerpolicy=\"strict-origin-when-cross-origin\" allowfullscreen><\/iframe><\/p>\n\n\n<p><\/p>\n","protected":false},"excerpt":{"rendered":"<p>Un programa que significa al televidente y le otorga derechos para velar por una televisi\u00f3n m\u00e1s justa y plural. Presentado por Ana Luc\u00eda Garc\u00eda Todos los viernes a las 7:30 pm Controlando TV &#8211; Julieta Gallego Controlando TV &#8211; Juan Pablo Gallego<\/p>\n","protected":false},"author":1,"featured_media":8246,"parent":0,"menu_order":0,"comment_status":"open","ping_status":"open","template":"","meta":{"footnotes":""},"yoast_head":"<!-- This site is optimized with the Yoast SEO plugin v22.2 - https:\/\/yoast.com\/wordpress\/plugins\/seo\/ -->\n<title>Controlando TV - Canal Universitario \/ Universidad del Valle \/ Cali, Colombia<\/title>\n<meta name=\"robots\" content=\"index, follow, max-snippet:-1, max-image-preview:large, max-video-preview:-1\" \/>\n<link rel=\"canonical\" href=\"https:\/\/canal.univalle.edu.co\/index.php\/defensor-del-televidente\/\" \/>\n<meta property=\"og:locale\" content=\"es_ES\" \/>\n<meta property=\"og:type\" content=\"article\" \/>\n<meta property=\"og:title\" content=\"Controlando TV - Canal Universitario \/ Universidad del Valle \/ Cali, Colombia\" \/>\n<meta property=\"og:description\" content=\"Un programa que significa al televidente y le otorga derechos para velar por una televisi\u00f3n m\u00e1s justa y plural. Presentado por Ana Luc\u00eda Garc\u00eda Todos los viernes a las 7:30 pm Controlando TV &#8211; Julieta Gallego Controlando TV &#8211; Juan Pablo Gallego\" \/>\n<meta property=\"og:url\" content=\"https:\/\/canal.univalle.edu.co\/index.php\/defensor-del-televidente\/\" \/>\n<meta property=\"og:site_name\" content=\"Canal Universitario \/ Universidad del Valle \/ Cali, Colombia\" \/>\n<meta property=\"article:modified_time\" content=\"2025-10-08T15:48:09+00:00\" \/>\n<meta property=\"og:image\" content=\"https:\/\/canal.univalle.edu.co\/wp-content\/uploads\/2025\/10\/Controlando-TV-1.jpg\" \/>\n\t<meta property=\"og:image:width\" content=\"753\" \/>\n\t<meta property=\"og:image:height\" content=\"423\" \/>\n\t<meta property=\"og:image:type\" content=\"image\/jpeg\" \/>\n<meta name=\"twitter:label1\" content=\"Tiempo de lectura\" \/>\n\t<meta name=\"twitter:data1\" content=\"1 minuto\" \/>\n<script type=\"application\/ld+json\" class=\"yoast-schema-graph\">{\"@context\":\"https:\/\/schema.org\",\"@graph\":[{\"@type\":\"WebPage\",\"@id\":\"https:\/\/canal.univalle.edu.co\/index.php\/defensor-del-televidente\/\",\"url\":\"https:\/\/canal.univalle.edu.co\/index.php\/defensor-del-televidente\/\",\"name\":\"Controlando TV - Canal Universitario \/ Universidad del Valle \/ Cali, Colombia\",\"isPartOf\":{\"@id\":\"https:\/\/canal.univalle.edu.co\/#website\"},\"primaryImageOfPage\":{\"@id\":\"https:\/\/canal.univalle.edu.co\/index.php\/defensor-del-televidente\/#primaryimage\"},\"image\":{\"@id\":\"https:\/\/canal.univalle.edu.co\/index.php\/defensor-del-televidente\/#primaryimage\"},\"thumbnailUrl\":\"https:\/\/canal.univalle.edu.co\/wp-content\/uploads\/2025\/10\/Controlando-TV-1.jpg\",\"datePublished\":\"2016-03-28T16:16:12+00:00\",\"dateModified\":\"2025-10-08T15:48:09+00:00\",\"breadcrumb\":{\"@id\":\"https:\/\/canal.univalle.edu.co\/index.php\/defensor-del-televidente\/#breadcrumb\"},\"inLanguage\":\"es\",\"potentialAction\":[{\"@type\":\"ReadAction\",\"target\":[\"https:\/\/canal.univalle.edu.co\/index.php\/defensor-del-televidente\/\"]}]},{\"@type\":\"ImageObject\",\"inLanguage\":\"es\",\"@id\":\"https:\/\/canal.univalle.edu.co\/index.php\/defensor-del-televidente\/#primaryimage\",\"url\":\"https:\/\/canal.univalle.edu.co\/wp-content\/uploads\/2025\/10\/Controlando-TV-1.jpg\",\"contentUrl\":\"https:\/\/canal.univalle.edu.co\/wp-content\/uploads\/2025\/10\/Controlando-TV-1.jpg\",\"width\":753,\"height\":423},{\"@type\":\"BreadcrumbList\",\"@id\":\"https:\/\/canal.univalle.edu.co\/index.php\/defensor-del-televidente\/#breadcrumb\",\"itemListElement\":[{\"@type\":\"ListItem\",\"position\":1,\"name\":\"Portada\",\"item\":\"https:\/\/canal.univalle.edu.co\/\"},{\"@type\":\"ListItem\",\"position\":2,\"name\":\"Controlando TV\"}]},{\"@type\":\"WebSite\",\"@id\":\"https:\/\/canal.univalle.edu.co\/#website\",\"url\":\"https:\/\/canal.univalle.edu.co\/\",\"name\":\"Canal Universitario \/ Universidad del Valle \/ Cali, Colombia\",\"description\":\"Canal de la Universidad del Valle\",\"potentialAction\":[{\"@type\":\"SearchAction\",\"target\":{\"@type\":\"EntryPoint\",\"urlTemplate\":\"https:\/\/canal.univalle.edu.co\/?s={search_term_string}\"},\"query-input\":\"required name=search_term_string\"}],\"inLanguage\":\"es\"}]}<\/script>\n<!-- \/ Yoast SEO plugin. -->","yoast_head_json":{"title":"Controlando TV - Canal Universitario \/ Universidad del Valle \/ Cali, Colombia","robots":{"index":"index","follow":"follow","max-snippet":"max-snippet:-1","max-image-preview":"max-image-preview:large","max-video-preview":"max-video-preview:-1"},"canonical":"https:\/\/canal.univalle.edu.co\/index.php\/defensor-del-televidente\/","og_locale":"es_ES","og_type":"article","og_title":"Controlando TV - Canal Universitario \/ Universidad del Valle \/ Cali, Colombia","og_description":"Un programa que significa al televidente y le otorga derechos para velar por una televisi\u00f3n m\u00e1s justa y plural. Presentado por Ana Luc\u00eda Garc\u00eda Todos los viernes a las 7:30 pm Controlando TV &#8211; Julieta Gallego Controlando TV &#8211; Juan Pablo Gallego","og_url":"https:\/\/canal.univalle.edu.co\/index.php\/defensor-del-televidente\/","og_site_name":"Canal Universitario \/ Universidad del Valle \/ Cali, Colombia","article_modified_time":"2025-10-08T15:48:09+00:00","og_image":[{"width":753,"height":423,"url":"https:\/\/canal.univalle.edu.co\/wp-content\/uploads\/2025\/10\/Controlando-TV-1.jpg","type":"image\/jpeg"}],"twitter_misc":{"Tiempo de lectura":"1 minuto"},"schema":{"@context":"https:\/\/schema.org","@graph":[{"@type":"WebPage","@id":"https:\/\/canal.univalle.edu.co\/index.php\/defensor-del-televidente\/","url":"https:\/\/canal.univalle.edu.co\/index.php\/defensor-del-televidente\/","name":"Controlando TV - Canal Universitario \/ Universidad del Valle \/ Cali, Colombia","isPartOf":{"@id":"https:\/\/canal.univalle.edu.co\/#website"},"primaryImageOfPage":{"@id":"https:\/\/canal.univalle.edu.co\/index.php\/defensor-del-televidente\/#primaryimage"},"image":{"@id":"https:\/\/canal.univalle.edu.co\/index.php\/defensor-del-televidente\/#primaryimage"},"thumbnailUrl":"https:\/\/canal.univalle.edu.co\/wp-content\/uploads\/2025\/10\/Controlando-TV-1.jpg","datePublished":"2016-03-28T16:16:12+00:00","dateModified":"2025-10-08T15:48:09+00:00","breadcrumb":{"@id":"https:\/\/canal.univalle.edu.co\/index.php\/defensor-del-televidente\/#breadcrumb"},"inLanguage":"es","potentialAction":[{"@type":"ReadAction","target":["https:\/\/canal.univalle.edu.co\/index.php\/defensor-del-televidente\/"]}]},{"@type":"ImageObject","inLanguage":"es","@id":"https:\/\/canal.univalle.edu.co\/index.php\/defensor-del-televidente\/#primaryimage","url":"https:\/\/canal.univalle.edu.co\/wp-content\/uploads\/2025\/10\/Controlando-TV-1.jpg","contentUrl":"https:\/\/canal.univalle.edu.co\/wp-content\/uploads\/2025\/10\/Controlando-TV-1.jpg","width":753,"height":423},{"@type":"BreadcrumbList","@id":"https:\/\/canal.univalle.edu.co\/index.php\/defensor-del-televidente\/#breadcrumb","itemListElement":[{"@type":"ListItem","position":1,"name":"Portada","item":"https:\/\/canal.univalle.edu.co\/"},{"@type":"ListItem","position":2,"name":"Controlando TV"}]},{"@type":"WebSite","@id":"https:\/\/canal.univalle.edu.co\/#website","url":"https:\/\/canal.univalle.edu.co\/","name":"Canal Universitario \/ Universidad del Valle \/ Cali, Colombia","description":"Canal de la Universidad del Valle","potentialAction":[{"@type":"SearchAction","target":{"@type":"EntryPoint","urlTemplate":"https:\/\/canal.univalle.edu.co\/?s={search_term_string}"},"query-input":"required name=search_term_string"}],"inLanguage":"es"}]}},"_links":{"self":[{"href":"https:\/\/canal.univalle.edu.co\/index.php\/wp-json\/wp\/v2\/pages\/3791"}],"collection":[{"href":"https:\/\/canal.univalle.edu.co\/index.php\/wp-json\/wp\/v2\/pages"}],"about":[{"href":"https:\/\/canal.univalle.edu.co\/index.php\/wp-json\/wp\/v2\/types\/page"}],"author":[{"embeddable":true,"href":"https:\/\/canal.univalle.edu.co\/index.php\/wp-json\/wp\/v2\/users\/1"}],"replies":[{"embeddable":true,"href":"https:\/\/canal.univalle.edu.co\/index.php\/wp-json\/wp\/v2\/comments?post=3791"}],"version-history":[{"count":9,"href":"https:\/\/canal.univalle.edu.co\/index.php\/wp-json\/wp\/v2\/pages\/3791\/revisions"}],"predecessor-version":[{"id":8279,"href":"https:\/\/canal.univalle.edu.co\/index.php\/wp-json\/wp\/v2\/pages\/3791\/revisions\/8279"}],"wp:featuredmedia":[{"embeddable":true,"href":"https:\/\/canal.univalle.edu.co\/index.php\/wp-json\/wp\/v2\/media\/8246"}],"wp:attachment":[{"href":"https:\/\/canal.univalle.edu.co\/index.php\/wp-json\/wp\/v2\/media?parent=3791"}],"curies":[{"name":"wp","href":"https:\/\/api.w.org\/{rel}","templated":true}]}}